{"id":9432,"date":"2019-07-26T15:12:59","date_gmt":"2019-07-26T13:12:59","guid":{"rendered":"https:\/\/present4d.com\/historie\/"},"modified":"2023-12-05T09:55:37","modified_gmt":"2023-12-05T08:55:37","slug":"history","status":"publish","type":"page","link":"https:\/\/present4d.com\/de\/history\/","title":{"rendered":"Historie"},"content":{"rendered":"<p>[et_pb_section fb_built=&#8220;1&#8243; disabled_on=&#8220;off|off|off&#8220; admin_label=&#8220;section&#8220; _builder_version=&#8220;4.16&#8243; background_image=&#8220;https:\/\/present4d.com\/wp-content\/uploads\/2018\/02\/Head-Company-Key-2560.jpg&#8220; custom_margin=&#8220;|||&#8220; custom_padding=&#8220;|0px|500px|0px&#8220; custom_css_main_element=&#8220;background-position: 25%;&#8220; locked=&#8220;off&#8220; global_colors_info=&#8220;{}&#8220;][et_pb_row make_equal=&#8220;on&#8220; admin_label=&#8220;row&#8220; _builder_version=&#8220;4.16&#8243; background_size=&#8220;initial&#8220; background_position=&#8220;top_left&#8220; background_repeat=&#8220;repeat&#8220; custom_css_main_element=&#8220;    position: absolute;||    top: 50%;||    transform: translateY(-50%);||    margin: 0 auto;||    left: 0;||    right: 0;&#8220; global_colors_info=&#8220;{}&#8220;][et_pb_column type=&#8220;4_4&#8243; module_class=&#8220;ds-vertical-align&#8220; _builder_version=&#8220;4.16&#8243; custom_padding=&#8220;|||&#8220; global_colors_info=&#8220;{}&#8220; custom_padding__hover=&#8220;|||&#8220;][et_pb_text module_id=&#8220;custom-header-text&#8220; _builder_version=&#8220;4.16&#8243; text_font_size=&#8220;2em&#8220; background_size=&#8220;initial&#8220; background_position=&#8220;top_left&#8220; background_repeat=&#8220;repeat&#8220; max_width=&#8220;70%&#8220; module_alignment=&#8220;right&#8220; custom_margin=&#8220;|||&#8220; custom_padding=&#8220;|||&#8220; custom_css_main_element=&#8220;max-width: 60%;&#8220; global_colors_info=&#8220;{}&#8220;]<\/p>\n<h1>VR-Pioniere mit digitaler DNS<\/h1>\n<p>[\/et_pb_text][\/et_pb_column][\/et_pb_row][\/et_pb_section][et_pb_section fb_built=&#8220;1&#8243; _builder_version=&#8220;4.16&#8243; background_color=&#8220;#efefef&#8220; custom_padding=&#8220;0px|0px|0px|0px&#8220; locked=&#8220;off&#8220; global_colors_info=&#8220;{}&#8220;][et_pb_row _builder_version=&#8220;4.16&#8243; global_colors_info=&#8220;{}&#8220;][et_pb_column type=&#8220;4_4&#8243; _builder_version=&#8220;4.16&#8243; global_colors_info=&#8220;{}&#8220;][et_pb_text _builder_version=&#8220;4.18.0&#8243; hover_enabled=&#8220;0&#8243; global_colors_info=&#8220;{}&#8220; sticky_enabled=&#8220;0&#8243;]<\/p>\n<h1>present4D \u2013 VR-Pioniere mit digitaler DNS<\/h1>\n<p>Mit zusammen \u00fcber 55 Jahren Gesch\u00e4ftserfahrung im Bereich Multimedia und Innovation besch\u00e4ftigen wir uns immer wieder aufs Neue mit der Idee, Mechaniken aus der Spielewelt f\u00fcr sinnvolle B2B-Projekte nutzbar zu machen und innovative Businessmodelle zu entwickeln.<\/p>\n<p><strong>2013<\/strong> mit der ersten Entwicklerversion der Oculus Rift bekam present4D einen unerwarteten Schub. Virtual Reality war das fehlende Glied in der Kette unserer jahrzehntelangen Projektarbeit mit 360\u00b0-Panoramafotos und 3D-Szenarien. Alle Ideen, Konzepte und Ambitionen wurden in der Sinnhaftigkeit potentiert. Mit einem VR atmenden Team begannen wir die Entwicklung der VR-Suite \u2013 zun\u00e4chst um VR-Projekte hausintern effizienter abwickeln zu k\u00f6nnen.<\/p>\n<p><strong>2015 <\/strong> stellten wir fest, dass am Markt keine L\u00f6sung in Sicht war, die an die VR-Suite heran kam. Also haben wir uns entschieden, die VR-Suite zu einer out-of-the-Box L\u00f6sung f\u00fcr Agenturen und Endkunden auszureifen.<\/p>\n<p><strong>2016<\/strong> kam mit dem Gewinn des Samsung GearVR Killer App Contest der Ritterschlag vom Marktf\u00fchrer: nicht einer B2C-App, sondern unserer B2B-App wurde von Samsung ein \u201eenormes Potential\u201c bescheinigt. Auch die \u00fcberw\u00e4ltigenden R\u00fcckmeldungen und die Preise, die unsere Kunden mit VR-Suite Projekten gewinnen, sprechen daf\u00fcr, dass wir auf dem richtigen Weg sind. Die Innovationspipeline f\u00fcr die VR-Suite ist prall gef\u00fcllt. Gestalten wir gemeinsam das VR-Zeitalter.<\/p>\n<p><strong>2017<\/strong>\u00a0 begann die ernsthafte Suche nach einem Investor. present4D fokussiert sich immer st\u00e4rker darauf, die VR-Suite in den Mittelpunkt zu stellen. Zur Internationalen Funkausstellung IFA haben wir die neue Website vr-suite.com geschaltet. <strong>2018<\/strong> Faro Technologies Inc. investiert in eine Minderheitsbeteiligung an der present4D GmbH. Faro ist ein weltweiter Anbieter von 3D-Mess- und Bildgebungsl\u00f6sungen f\u00fcr 3D-Fabriken, Bau-BIM, Produktdesign und Forensik f\u00fcr die \u00f6ffentliche Sicherheit.<\/p>\n<p><strong>2019<\/strong> wurde auf der Consumer Electronic Show (CES) in Las Vegas eine neue Business-Version der VR-Suite vorgestellt. Die Markteinf\u00fchrung der VR-Suite erfolgte auf Basis eines breiten Vertriebsnetzes und einer neu aufgestellten Marketingkommunikation.<\/p>\n<p><strong>2020<\/strong>\u00a0VR entwickelt sich weltweit langsam aber solide. Um den unterschiedlichen Kunden gerecht zu werden, haben wir eine neue Preisstruktur entwickelt. Dies bedeutet, dass alle Kunden jetzt attraktive Preise vorfinden &#8211; von engagierten Grundschullehrern bis hin zu globalen Unternehmen, die die VR-Suite als Unternehmensstrategie-Tool verwenden. Dar\u00fcber hinaus konzentrieren wir uns auf die Weiterentwicklung von Echtzeit-3D- und Augmented Reality (AR)-Anwendungen. \u00a0<\/p>\n<p><strong>2021<\/strong> mussten wir unser vorheriges Unternehmen, die present4D GmbH, schlie\u00dfen, haben jedoch umgehend die present4D Solutions UG gegr\u00fcndet, um unseren Kunden weiterhin alle Dienstleistungen anzubieten. Unser Fokus verlagert sich zunehmend auf den Bildungssektor.<\/p>\n<p><strong>2022<\/strong> haben wir neben der Entwicklung erweiterter VR-Suite-L\u00f6sungen f\u00fcr Kunden begonnen, ein Konzept f\u00fcr Offene Bildungsressourcen (OER) zu entwickeln. Wir sind fest davon \u00fcberzeugt, dass dies ein wesentlicher Schl\u00fcssel zur Verbesserung der Implementierung von VR in Schulen und Bildungseinrichtungen ist.<\/p>\n<p><strong>2023<\/strong> haben wir unsere n\u00e4chste Version vorbereitet: VR-Suite 2.5. Wir haben die App von present4D in VR-Suite umbenannt, um die Kommunikation zu verbessern. Die neue Version beinhaltet Vereinfachungen f\u00fcr Anf\u00e4nger und Schuladministratoren. Wir haben unseren Server von Amazon Web Services zu Hetzner migriert, ein wichtiger Schritt, um die Genehmigung f\u00fcr den Einsatz in deutschen Schulen zu erhalten. Wir suchen erneut nach einem neuen Investor, um die Entwicklung zu beschleunigen, OER-Inhalte zu erstellen und unsere L\u00f6sungen im Bildungsmarkt zu implementieren.<\/p>\n<p>[\/et_pb_text][\/et_pb_column][\/et_pb_row][\/et_pb_section]<\/p>\n","protected":false},"excerpt":{"rendered":"<p>VR-Pioniere mit digitaler DNSpresent4D \u2013 VR-Pioniere mit digitaler DNS Mit zusammen \u00fcber 55 Jahren Gesch\u00e4ftserfahrung im Bereich Multimedia und Innovation besch\u00e4ftigen wir uns immer wieder aufs Neue mit der Idee, [&hellip;]<\/p>\n","protected":false},"author":15,"featured_media":0,"parent":0,"menu_order":0,"comment_status":"closed","ping_status":"closed","template":"","meta":{"_et_pb_use_builder":"on","_et_pb_old_content":"","_et_gb_content_width":""},"acf":[],"_links":{"self":[{"href":"https:\/\/present4d.com\/de\/wp-json\/wp\/v2\/pages\/9432"}],"collection":[{"href":"https:\/\/present4d.com\/de\/wp-json\/wp\/v2\/pages"}],"about":[{"href":"https:\/\/present4d.com\/de\/wp-json\/wp\/v2\/types\/page"}],"author":[{"embeddable":true,"href":"https:\/\/present4d.com\/de\/wp-json\/wp\/v2\/users\/15"}],"replies":[{"embeddable":true,"href":"https:\/\/present4d.com\/de\/wp-json\/wp\/v2\/comments?post=9432"}],"version-history":[{"count":9,"href":"https:\/\/present4d.com\/de\/wp-json\/wp\/v2\/pages\/9432\/revisions"}],"predecessor-version":[{"id":17040,"href":"https:\/\/present4d.com\/de\/wp-json\/wp\/v2\/pages\/9432\/revisions\/17040"}],"wp:attachment":[{"href":"https:\/\/present4d.com\/de\/wp-json\/wp\/v2\/media?parent=9432"}],"curies":[{"name":"wp","href":"https:\/\/api.w.org\/{rel}","templated":true}]}}