{"id":9360,"date":"2019-07-26T12:20:49","date_gmt":"2019-07-26T10:20:49","guid":{"rendered":"https:\/\/present4d.com\/vr-business-reports\/"},"modified":"2020-04-13T14:12:48","modified_gmt":"2020-04-13T12:12:48","slug":"vr-business-report","status":"publish","type":"page","link":"https:\/\/present4d.com\/de\/vr-business-report\/","title":{"rendered":"VR-Businessreport"},"content":{"rendered":"<p>[et_pb_section fb_built=&#8220;1&#8243; admin_label=&#8220;section&#8220; module_id=&#8220;Produkt&#8220; _builder_version=&#8220;3.22&#8243; custom_padding=&#8220;64px|0|65px|0px|false|false&#8220;][et_pb_row _builder_version=&#8220;4.3.4&#8243;][et_pb_column _builder_version=&#8220;4.3.4&#8243; type=&#8220;4_4&#8243;][et_pb_text _builder_version=&#8220;4.3.4&#8243; hover_enabled=&#8220;0&#8243;]<\/p>\n<h1 style=\"text-align: left;\">VR-Businessreport<\/h1>\n<p style=\"text-align: left;\">Das Handbuch f\u00fcr VR-Anwender aus dem Industrie- und Businessumfeld<\/p>\n<p>[\/et_pb_text][\/et_pb_column][\/et_pb_row][et_pb_row column_structure=&#8220;1_2,1_2&#8243; make_equal=&#8220;on&#8220; admin_label=&#8220;row&#8220; _builder_version=&#8220;3.25&#8243; background_size=&#8220;initial&#8220; background_position=&#8220;top_left&#8220; background_repeat=&#8220;repeat&#8220;][et_pb_column type=&#8220;1_2&#8243; module_class=&#8220;ds-vertical-align&#8220; _builder_version=&#8220;3.25&#8243; custom_padding=&#8220;|||&#8220; custom_padding__hover=&#8220;|||&#8220;][et_pb_image src=&#8220;https:\/\/present4d.com\/wp-content\/uploads\/2019\/02\/VR-Business-Report.png&#8220; align_tablet=&#8220;center&#8220; align_phone=&#8220;&#8220; align_last_edited=&#8220;on|desktop&#8220; _builder_version=&#8220;3.23&#8243; max_width=&#8220;75%&#8220;][\/et_pb_image][\/et_pb_column][et_pb_column type=&#8220;1_2&#8243; module_class=&#8220;ds-vertical-align&#8220; _builder_version=&#8220;3.25&#8243; custom_padding=&#8220;|||&#8220; custom_padding__hover=&#8220;|||&#8220;][et_pb_text _builder_version=&#8220;4.3.4&#8243; text_text_color=&#8220;#005a8c&#8220; header_text_color=&#8220;#005a8c&#8220; background_size=&#8220;initial&#8220; background_position=&#8220;top_left&#8220; background_repeat=&#8220;repeat&#8220; custom_margin=&#8220;||0px|&#8220; custom_padding=&#8220;|||&#8220; hover_enabled=&#8220;0&#8243;]<\/p>\n<h1 style=\"text-align: left;\">VR-Business Report<\/h1>\n<p>[\/et_pb_text][et_pb_text _builder_version=&#8220;3.27.4&#8243; text_font=&#8220;||||||||&#8220; background_size=&#8220;initial&#8220; background_position=&#8220;top_left&#8220; background_repeat=&#8220;repeat&#8220; max_width_tablet=&#8220;&#8220; max_width_phone=&#8220;&#8220; max_width_last_edited=&#8220;on|desktop&#8220; custom_margin=&#8220;|||&#8220; custom_padding=&#8220;|||&#8220;]Die wertvolle Inspirationsquelle f\u00fcr die Umsetzung von VR-Anwendungen in den unterschiedlichsten Branchen.<\/p>\n<p>&nbsp;<\/p>\n<h3 style=\"color: #005a8c;\">Zielgruppen f\u00fcr den Businessreport<\/h3>\n<p>Anwender, Firmen, Agenturen und Bildungseinrichtungen, die<\/p>\n<ul>\n<li>mehr \u00fcber den Mehrwert der VR-Technologie f\u00fcr das eigene Business erfahren m\u00f6chten<\/li>\n<li>im komplexen VR-\u00d6kosystem m\u00f6glichst schnell die relevantesten Use Cases identifizieren m\u00f6chten<\/li>\n<li>herausfinden m\u00f6chten, wie Virtual Reality die Digitalisierungsstrategie befeuern kann<\/li>\n<li>inspiriert werden, wie man die ersten VR-Prototypen und VR-Anwendungen starten kann<\/li>\n<\/ul>\n<p>&nbsp;<\/p>\n<h3 style=\"color: #005a8c;\">Mehrwerte des Businessreports<\/h3>\n<ul>\n<li>Strukturierte Inspirationsquelle f\u00fcr relevante VR-Anwendungsf\u00e4lle im eigenen Businessumfeld<\/li>\n<li>Umfangreiche Sammlung an Referenzbeispielen reduziert Kosten, Zeit und Aufwand f\u00fcr die eigene Desktop-Recherche<\/li>\n<li>Risikominimierung bei der Implementierung der VR-Technologie<\/li>\n<li>Von der Projekterfahrung professioneller VR-Experten profitieren<\/li>\n<li>Detaillierte Mehrwertanalysen der Schl\u00fcsselanwendungen in unterschiedlichen Industriesegmenten (Osterwalder-Methode Customer Value Proposition)<\/li>\n<\/ul>\n<p>[\/et_pb_text][\/et_pb_column][\/et_pb_row][et_pb_row column_structure=&#8220;1_2,1_4,1_4&#8243; make_equal=&#8220;on&#8220; admin_label=&#8220;row&#8220; _builder_version=&#8220;3.25&#8243; custom_margin=&#8220;||&#8220; custom_padding=&#8220;0||0||false|false&#8220;][et_pb_column type=&#8220;1_2&#8243; _builder_version=&#8220;3.25&#8243; background_position=&#8220;top_left&#8220; custom_padding=&#8220;|||&#8220; custom_padding__hover=&#8220;|||&#8220;][et_pb_text _builder_version=&#8220;3.27.4&#8243;][\/et_pb_text][\/et_pb_column][et_pb_column type=&#8220;1_4&#8243; _builder_version=&#8220;3.25&#8243; background_position=&#8220;top_left&#8220; custom_padding=&#8220;||0px|&#8220; custom_padding__hover=&#8220;|||&#8220;][et_pb_button button_url=&#8220;https:\/\/present4d.com\/de\/vrbrpricing\/&#8220; button_text=&#8220;Shop&#8220; button_alignment=&#8220;left&#8220; disabled_on=&#8220;off|off|off&#8220; admin_label=&#8220;Button: Zum Shop&#8220; _builder_version=&#8220;3.26.3&#8243; custom_button=&#8220;on&#8220; button_text_color=&#8220;#ffffff&#8220; button_bg_color=&#8220;#e88d0c&#8220; button_border_width=&#8220;0px&#8220; button_border_radius=&#8220;0px&#8220; custom_margin=&#8220;||0px&#8220; custom_css_main_element=&#8220;width: 100% !important;||text-align: center !important;&#8220; button_text_size__hover_enabled=&#8220;off&#8220; button_one_text_size__hover_enabled=&#8220;off&#8220; button_two_text_size__hover_enabled=&#8220;off&#8220; button_text_color__hover_enabled=&#8220;off&#8220; button_one_text_color__hover_enabled=&#8220;off&#8220; button_two_text_color__hover_enabled=&#8220;off&#8220; button_border_width__hover_enabled=&#8220;off&#8220; button_one_border_width__hover_enabled=&#8220;off&#8220; button_two_border_width__hover_enabled=&#8220;off&#8220; button_border_color__hover_enabled=&#8220;off&#8220; button_one_border_color__hover_enabled=&#8220;off&#8220; button_two_border_color__hover_enabled=&#8220;off&#8220; button_border_radius__hover_enabled=&#8220;off&#8220; button_one_border_radius__hover_enabled=&#8220;off&#8220; button_two_border_radius__hover_enabled=&#8220;off&#8220; button_letter_spacing__hover_enabled=&#8220;off&#8220; button_one_letter_spacing__hover_enabled=&#8220;off&#8220; button_two_letter_spacing__hover_enabled=&#8220;off&#8220; button_bg_color__hover_enabled=&#8220;off&#8220; button_one_bg_color__hover_enabled=&#8220;off&#8220; button_two_bg_color__hover_enabled=&#8220;off&#8220;][\/et_pb_button][\/et_pb_column][et_pb_column type=&#8220;1_4&#8243; _builder_version=&#8220;3.25&#8243; background_position=&#8220;top_left&#8220; custom_padding=&#8220;|||&#8220; custom_padding__hover=&#8220;|||&#8220;][et_pb_button button_url=&#8220;https:\/\/present4d.com\/de\/business-report-free-version\/&#8220; url_new_window=&#8220;on&#8220; button_text=&#8220;Kostenloses Preview&#8220; button_alignment=&#8220;left&#8220; _builder_version=&#8220;3.29.3&#8243; custom_button=&#8220;on&#8220; button_text_color=&#8220;#ffffff&#8220; button_bg_color=&#8220;#e88d0c&#8220; button_border_width=&#8220;0px&#8220; button_border_radius=&#8220;0px&#8220; custom_margin=&#8220;||0px&#8220; custom_css_main_element=&#8220;width: 100% !important;||text-align: center !important;&#8220; button_text_size__hover_enabled=&#8220;off&#8220; button_one_text_size__hover_enabled=&#8220;off&#8220; button_two_text_size__hover_enabled=&#8220;off&#8220; button_text_color__hover_enabled=&#8220;off&#8220; button_one_text_color__hover_enabled=&#8220;off&#8220; button_two_text_color__hover_enabled=&#8220;off&#8220; button_border_width__hover_enabled=&#8220;off&#8220; button_one_border_width__hover_enabled=&#8220;off&#8220; button_two_border_width__hover_enabled=&#8220;off&#8220; button_border_color__hover_enabled=&#8220;off&#8220; button_one_border_color__hover_enabled=&#8220;off&#8220; button_two_border_color__hover_enabled=&#8220;off&#8220; button_border_radius__hover_enabled=&#8220;off&#8220; button_one_border_radius__hover_enabled=&#8220;off&#8220; button_two_border_radius__hover_enabled=&#8220;off&#8220; button_letter_spacing__hover_enabled=&#8220;off&#8220; button_one_letter_spacing__hover_enabled=&#8220;off&#8220; button_two_letter_spacing__hover_enabled=&#8220;off&#8220; button_bg_color__hover_enabled=&#8220;off&#8220; button_one_bg_color__hover_enabled=&#8220;off&#8220; button_two_bg_color__hover_enabled=&#8220;off&#8220;][\/et_pb_button][\/et_pb_column][\/et_pb_row][\/et_pb_section][et_pb_section fb_built=&#8220;1&#8243; inner_shadow=&#8220;on&#8220; admin_label=&#8220;section&#8220; _builder_version=&#8220;3.29.3&#8243; background_color=&#8220;#005a8c&#8220; custom_margin=&#8220;0px||0px|&#8220; custom_margin_tablet=&#8220;0px||0px|&#8220; custom_margin_phone=&#8220;0px||0px|&#8220; custom_margin_last_edited=&#8220;on|desktop&#8220; custom_padding=&#8220;0px|0px|0px|0px&#8220;][et_pb_row admin_label=&#8220;row&#8220; _builder_version=&#8220;3.25&#8243;][et_pb_column type=&#8220;4_4&#8243; _builder_version=&#8220;3.25&#8243; custom_padding=&#8220;|||&#8220; custom_padding__hover=&#8220;|||&#8220;][et_pb_text _builder_version=&#8220;3.29.3&#8243; header_text_color=&#8220;#ffffff&#8220;]<\/p>\n<h1 style=\"text-align: center;\">Erhalten Sie eine kostenlose Vorschau des Virtual Reality Business Reports<\/h1>\n<p>[\/et_pb_text][\/et_pb_column][\/et_pb_row][\/et_pb_section][et_pb_section fb_built=&#8220;1&#8243; _builder_version=&#8220;3.22&#8243; custom_padding=&#8220;48.75px|0px|48.75px|0px&#8220;][et_pb_row column_structure=&#8220;1_4,3_4&#8243; _builder_version=&#8220;3.25&#8243;][et_pb_column type=&#8220;1_4&#8243; _builder_version=&#8220;3.25&#8243; custom_padding=&#8220;|||&#8220; custom_padding__hover=&#8220;|||&#8220;][et_pb_image src=&#8220;https:\/\/present4d.com\/wp-content\/uploads\/2019\/02\/VRB-Pages_Example1.png&#8220; align_tablet=&#8220;center&#8220; align_phone=&#8220;&#8220; align_last_edited=&#8220;on|desktop&#8220; _builder_version=&#8220;3.23&#8243; box_shadow_style=&#8220;preset2&#8243;][\/et_pb_image][et_pb_button button_url=&#8220;https:\/\/present4d.com\/de\/business-report-free-version\/&#8220; url_new_window=&#8220;on&#8220; button_text=&#8220;Kostenloses Preview&#8220; button_alignment=&#8220;left&#8220; _builder_version=&#8220;3.29.3&#8243; custom_button=&#8220;on&#8220; button_text_color=&#8220;#ffffff&#8220; button_bg_color=&#8220;#e88d0c&#8220; button_border_width=&#8220;0px&#8220; button_border_radius=&#8220;0px&#8220; custom_margin=&#8220;||0px&#8220; custom_css_main_element=&#8220;width: 100% !important;||text-align: center !important;&#8220; button_text_size__hover_enabled=&#8220;off&#8220; button_one_text_size__hover_enabled=&#8220;off&#8220; button_two_text_size__hover_enabled=&#8220;off&#8220; button_text_color__hover_enabled=&#8220;off&#8220; button_one_text_color__hover_enabled=&#8220;off&#8220; button_two_text_color__hover_enabled=&#8220;off&#8220; button_border_width__hover_enabled=&#8220;off&#8220; button_one_border_width__hover_enabled=&#8220;off&#8220; button_two_border_width__hover_enabled=&#8220;off&#8220; button_border_color__hover_enabled=&#8220;off&#8220; button_one_border_color__hover_enabled=&#8220;off&#8220; button_two_border_color__hover_enabled=&#8220;off&#8220; button_border_radius__hover_enabled=&#8220;off&#8220; button_one_border_radius__hover_enabled=&#8220;off&#8220; button_two_border_radius__hover_enabled=&#8220;off&#8220; button_letter_spacing__hover_enabled=&#8220;off&#8220; button_one_letter_spacing__hover_enabled=&#8220;off&#8220; button_two_letter_spacing__hover_enabled=&#8220;off&#8220; button_bg_color__hover_enabled=&#8220;off&#8220; button_one_bg_color__hover_enabled=&#8220;off&#8220; button_two_bg_color__hover_enabled=&#8220;off&#8220;][\/et_pb_button][\/et_pb_column][et_pb_column type=&#8220;3_4&#8243; _builder_version=&#8220;3.25&#8243; custom_padding=&#8220;|||&#8220; custom_padding__hover=&#8220;|||&#8220;][et_pb_text _builder_version=&#8220;3.27.4&#8243;]<\/p>\n<div class=\"ein-spaltig\">\n<h1>VR-Businessreport von present4D<\/h1>\n<p>Die Berichte basieren auf einer Analyse und Verkn\u00fcpfung von Informationen zahlreicher non-gaming Referenzprojekte, weltweiter industrieller VR-Prototypen der letzten 4 Jahre und der \u00fcber 20-j\u00e4hrigen Erfahrung des Gr\u00fcnderteams im industriellen Umfeld. Einen ersten Blick k\u00f6nnen Interessierte bereits in eine Free-Version der Inspiration-Edition werfen (Preview).<\/p>\n<p>&nbsp;<\/p>\n<p>&nbsp;<\/p>\n<\/div>\n<div class=\"ein-spaltig\"><\/div>\n<p><em>\u201eMit dem VR-Businessreport wollen wir den Gesch\u00e4ftsentwicklern, Marketing-Verantwortlichen, Strategen, Innovatoren, Entwicklern und Entscheidungstr\u00e4gern in Unternehmen eine sehr wertvolle Inspirations- und Informationsquelle an die Hand geben. Dieser Bericht wird eine hervorragende Erg\u00e4nzung zu der KPMG-Studie sein, um die Entscheidungsprozesse in Unternehmen zu beschleunigen, die VR-Technologie sinnvoll und effizient in die eigenen Businessprozesse einzubinden. Neben umfangreichen Informationen und einer systematischen Beschreibung der verschiedenen VR-\u00d6kosysteme liegt der besondere Wert der Berichte in der Mehrwert- und Kundennutzenanalyse von ganz konkreten und relevanten Use Cases aus unterschiedlichsten Branchen.\u201c <\/em><\/p>\n<p>Dr. Michael Gerards, Co-Founder und Gesch\u00e4ftsf\u00fchrer von present4D[\/et_pb_text][\/et_pb_column][\/et_pb_row][\/et_pb_section][et_pb_section fb_built=&#8220;1&#8243; _builder_version=&#8220;3.22&#8243;][et_pb_row column_structure=&#8220;1_3,1_3,1_3&#8243; _builder_version=&#8220;3.25&#8243;][et_pb_column type=&#8220;1_3&#8243; _builder_version=&#8220;3.25&#8243; custom_padding=&#8220;|||&#8220; custom_padding__hover=&#8220;|||&#8220;][et_pb_text _builder_version=&#8220;3.27.4&#8243;]<\/p>\n<h2 class=\"wpb_heading wpb_gallery_heading\">Use Cases verstehen<\/h2>\n<p>[\/et_pb_text][et_pb_slider show_arrows=&#8220;off&#8220; show_pagination=&#8220;off&#8220; module_class=&#8220;remove_slider_styles&#8220; _builder_version=&#8220;3.19.15&#8243; auto=&#8220;on&#8220;][et_pb_slide image=&#8220;https:\/\/present4d.com\/wp-content\/uploads\/2019\/03\/AdobeStock_69060974.jpg&#8220; _builder_version=&#8220;3.19.15&#8243;][\/et_pb_slide][et_pb_slide image=&#8220;https:\/\/present4d.com\/wp-content\/uploads\/2019\/03\/AdobeStock_163539926.jpeg&#8220; _builder_version=&#8220;3.19.15&#8243;][\/et_pb_slide][et_pb_slide image=&#8220;https:\/\/present4d.com\/wp-content\/uploads\/2019\/03\/AdobeStock_48273741.jpg&#8220; _builder_version=&#8220;3.19.15&#8243;][\/et_pb_slide][\/et_pb_slider][\/et_pb_column][et_pb_column type=&#8220;1_3&#8243; _builder_version=&#8220;3.25&#8243; custom_padding=&#8220;|||&#8220; custom_padding__hover=&#8220;|||&#8220;][et_pb_text _builder_version=&#8220;3.27.4&#8243;]<\/p>\n<h2 class=\"wpb_heading wpb_progress_bar_heading\">Vorteile des VR-Business Reports<\/h2>\n<p>[\/et_pb_text][et_pb_counters use_percentages=&#8220;off&#8220; _builder_version=&#8220;3.19.14&#8243; percent_font=&#8220;||||||||&#8220;][et_pb_counter percent=&#8220;52&#8243; _builder_version=&#8220;3.19.14&#8243; background_enable_color_default=&#8220;on&#8220; parallax_default=&#8220;off&#8220; parallax_method_default=&#8220;on&#8220; bar_background_color_default=&#8220;#005a8c&#8220; use_percentages=&#8220;off&#8220; allow_player_pause_default=&#8220;off&#8220;]Schneller \u00dcberblick des komplexen VR-\u00d6kosysems[\/et_pb_counter][et_pb_counter percent=&#8220;54&#8243; _builder_version=&#8220;3.19.14&#8243; background_enable_color_default=&#8220;on&#8220; parallax_default=&#8220;off&#8220; parallax_method_default=&#8220;on&#8220; bar_background_color_default=&#8220;#005a8c&#8220; use_percentages=&#8220;off&#8220; allow_player_pause_default=&#8220;off&#8220;]Signifikante Reduzierung der eigenen Desktop-Recherche[\/et_pb_counter][et_pb_counter percent=&#8220;57&#8243; _builder_version=&#8220;3.19.14&#8243; background_enable_color_default=&#8220;on&#8220; parallax_default=&#8220;off&#8220; parallax_method_default=&#8220;on&#8220; bar_background_color_default=&#8220;#005a8c&#8220; use_percentages=&#8220;off&#8220; allow_player_pause_default=&#8220;off&#8220;]Mehrwertanalyse von Anwendungsf\u00e4llen[\/et_pb_counter][et_pb_counter percent=&#8220;70&#8243; _builder_version=&#8220;3.19.14&#8243; background_enable_color_default=&#8220;on&#8220; parallax_default=&#8220;off&#8220; parallax_method_default=&#8220;on&#8220; bar_background_color_default=&#8220;#005a8c&#8220; use_percentages=&#8220;off&#8220; allow_player_pause_default=&#8220;off&#8220;]Inspirationsquelle[\/et_pb_counter][et_pb_counter percent=&#8220;29&#8243; _builder_version=&#8220;3.19.14&#8243; background_enable_color_default=&#8220;on&#8220; parallax_default=&#8220;off&#8220; parallax_method_default=&#8220;on&#8220; bar_background_color_default=&#8220;#005a8c&#8220; use_percentages=&#8220;off&#8220; allow_player_pause_default=&#8220;off&#8220;]Risikominimierung w\u00e4hrend der VR-Implementierung[\/et_pb_counter][\/et_pb_counters][\/et_pb_column][et_pb_column type=&#8220;1_3&#8243; _builder_version=&#8220;3.25&#8243; custom_padding=&#8220;|||&#8220; custom_padding__hover=&#8220;|||&#8220;][et_pb_text _builder_version=&#8220;3.27.4&#8243;]<\/p>\n<h2 class=\"wpb_heading wpb_gallery_heading\">VR-\u00d6kosystem verstehen\/h2&gt;<\/h2>\n<p>[\/et_pb_text][et_pb_code _builder_version=&#8220;3.19.15&#8243;]<script src=\"https:\/\/cdnjs.cloudflare.com\/ajax\/libs\/Chart.js\/2.4.0\/Chart.min.js\"><\/script><!-- [et_pb_line_break_holder] --><canvas id=\"myChart\"><\/canvas><!-- [et_pb_line_break_holder] --><script><!-- [et_pb_line_break_holder] -->var ctx = document.getElementById('myChart').getContext('2d');<!-- [et_pb_line_break_holder] -->data = {<!-- [et_pb_line_break_holder] -->    datasets: [{<!-- [et_pb_line_break_holder] -->        data: [30, 25, 20, 15, 20 ],<!-- [et_pb_line_break_holder] -->      backgroundColor: [<!-- [et_pb_line_break_holder] -->                'rgb(112, 137, 217)',<!-- [et_pb_line_break_holder] -->                'rgb(121, 178, 232)',<!-- [et_pb_line_break_holder] -->                'rgb(145, 222, 176)',<!-- [et_pb_line_break_holder] -->                'rgb(249, 205, 138)',<!-- [et_pb_line_break_holder] -->                'rgb(254, 141, 132)'<!-- [et_pb_line_break_holder] -->            ]<!-- [et_pb_line_break_holder] -->    }],<!-- [et_pb_line_break_holder] -->  \t<!-- [et_pb_line_break_holder] --><!-- [et_pb_line_break_holder] -->    \/\/ These labels appear in the legend and in the tooltips when hovering different arcs<!-- [et_pb_line_break_holder] -->    labels: [<!-- [et_pb_line_break_holder] -->        'HMDs',<!-- [et_pb_line_break_holder] -->        'Controllers',<!-- [et_pb_line_break_holder] -->        '360\u00b0 Cameras',<!-- [et_pb_line_break_holder] -->        'Software',<!-- [et_pb_line_break_holder] -->        'Portals'<!-- [et_pb_line_break_holder] -->    ]<!-- [et_pb_line_break_holder] -->};<!-- [et_pb_line_break_holder] -->  <!-- [et_pb_line_break_holder] -->var myDoughnutChart = new Chart(ctx, {<!-- [et_pb_line_break_holder] -->    type: 'doughnut',<!-- [et_pb_line_break_holder] -->    data: data,<!-- [et_pb_line_break_holder] -->    options: {}<!-- [et_pb_line_break_holder] -->});<!-- [et_pb_line_break_holder] --><\/script>[\/et_pb_code][\/et_pb_column][\/et_pb_row][\/et_pb_section]<\/p>\n","protected":false},"excerpt":{"rendered":"<p>VR-Businessreport Das Handbuch f\u00fcr VR-Anwender aus dem Industrie- und Businessumfeld VR-Business ReportDie wertvolle Inspirationsquelle f\u00fcr die Umsetzung von VR-Anwendungen in den unterschiedlichsten Branchen. &nbsp; Zielgruppen f\u00fcr den Businessreport Anwender, Firmen, [&hellip;]<\/p>\n","protected":false},"author":1,"featured_media":0,"parent":0,"menu_order":0,"comment_status":"closed","ping_status":"closed","template":"","meta":{"_et_pb_use_builder":"on","_et_pb_old_content":"","_et_gb_content_width":""},"acf":[],"_links":{"self":[{"href":"https:\/\/present4d.com\/de\/wp-json\/wp\/v2\/pages\/9360"}],"collection":[{"href":"https:\/\/present4d.com\/de\/wp-json\/wp\/v2\/pages"}],"about":[{"href":"https:\/\/present4d.com\/de\/wp-json\/wp\/v2\/types\/page"}],"author":[{"embeddable":true,"href":"https:\/\/present4d.com\/de\/wp-json\/wp\/v2\/users\/1"}],"replies":[{"embeddable":true,"href":"https:\/\/present4d.com\/de\/wp-json\/wp\/v2\/comments?post=9360"}],"version-history":[{"count":0,"href":"https:\/\/present4d.com\/de\/wp-json\/wp\/v2\/pages\/9360\/revisions"}],"wp:attachment":[{"href":"https:\/\/present4d.com\/de\/wp-json\/wp\/v2\/media?parent=9360"}],"curies":[{"name":"wp","href":"https:\/\/api.w.org\/{rel}","templated":true}]}}