{"id":9324,"date":"2019-07-26T09:14:04","date_gmt":"2019-07-26T07:14:04","guid":{"rendered":"https:\/\/present4d.com\/kolor\/"},"modified":"2020-04-13T14:06:01","modified_gmt":"2020-04-13T12:06:01","slug":"kolor","status":"publish","type":"page","link":"https:\/\/present4d.com\/de\/kolor\/","title":{"rendered":"Kolor"},"content":{"rendered":"<p>[et_pb_section fb_built=&#8220;1&#8243; _builder_version=&#8220;3.22&#8243; use_background_color_gradient=&#8220;on&#8220; background_color_gradient_start=&#8220;#ffffff&#8220; background_color_gradient_end=&#8220;#e5e5e5&#8243; background_color_gradient_direction=&#8220;168deg&#8220; background_color_gradient_start_position=&#8220;30%&#8220; custom_padding=&#8220;29px|0px|13px|0px&#8220;][et_pb_row custom_padding=&#8220;0px||0px|&#8220; custom_margin=&#8220;0px||0px|&#8220; _builder_version=&#8220;3.25&#8243; column_structure=&#8220;1_2,1_2&#8243;][et_pb_column type=&#8220;1_2&#8243; _builder_version=&#8220;3.25&#8243; custom_padding=&#8220;|||&#8220; custom_padding__hover=&#8220;|||&#8220;][et_pb_image src=&#8220;https:\/\/present4d.com\/wp-content\/uploads\/2018\/02\/VR-Suite_Verpackung_Mockup-mitte.png&#8220; align=&#8220;center&#8220; align_tablet=&#8220;center&#8220; align_last_edited=&#8220;on|desktop&#8220; _builder_version=&#8220;3.23&#8243; custom_margin=&#8220;0px||0px|&#8220; custom_padding=&#8220;0px||0px|&#8220;][\/et_pb_image][\/et_pb_column][et_pb_column type=&#8220;1_2&#8243; _builder_version=&#8220;3.25&#8243; custom_padding=&#8220;|||&#8220; custom_padding__hover=&#8220;|||&#8220;][et_pb_text _builder_version=&#8220;3.0.105&#8243; text_font=&#8220;||||||||&#8220; text_font_size=&#8220;1em&#8220; header_font=&#8220;||||||||&#8220; header_font_size=&#8220;1em&#8220; header_line_height=&#8220;1px&#8220; custom_margin=&#8220;|||&#8220; custom_margin_last_edited=&#8220;on|desktop&#8220; custom_padding=&#8220;8em|||&#8220; custom_padding_tablet=&#8220;0px|||&#8220; custom_padding_phone=&#8220;0px|||&#8220; custom_padding_last_edited=&#8220;on|tablet&#8220;]<\/p>\n<h1>Virtual Reality Suite &#8211; f\u00fcr KOLOR Kunden<\/h1>\n<h2>Kombinieren Sie im Handumdrehen 360\u00b0-Videos, 360\u00b0-Fotos und Multimedia zu einer professionellen VR-Pr\u00e4sentation.<\/h2>\n<p>[\/et_pb_text][et_pb_button button_url=&#8220;\/&#8220; button_text=&#8220;Ausf\u00fchrliche Informationen&#8220; _builder_version=&#8220;3.16&#8243; button_text_size__hover_enabled=&#8220;off&#8220; button_one_text_size__hover_enabled=&#8220;off&#8220; button_two_text_size__hover_enabled=&#8220;off&#8220; button_text_color__hover_enabled=&#8220;off&#8220; button_one_text_color__hover_enabled=&#8220;off&#8220; button_two_text_color__hover_enabled=&#8220;off&#8220; button_border_width__hover_enabled=&#8220;off&#8220; button_one_border_width__hover_enabled=&#8220;off&#8220; button_two_border_width__hover_enabled=&#8220;off&#8220; button_border_color__hover_enabled=&#8220;off&#8220; button_one_border_color__hover_enabled=&#8220;off&#8220; button_two_border_color__hover_enabled=&#8220;off&#8220; button_border_radius__hover_enabled=&#8220;off&#8220; button_one_border_radius__hover_enabled=&#8220;off&#8220; button_two_border_radius__hover_enabled=&#8220;off&#8220; button_letter_spacing__hover_enabled=&#8220;off&#8220; button_one_letter_spacing__hover_enabled=&#8220;off&#8220; button_two_letter_spacing__hover_enabled=&#8220;off&#8220; button_bg_color__hover_enabled=&#8220;off&#8220; button_one_bg_color__hover_enabled=&#8220;off&#8220; button_two_bg_color__hover_enabled=&#8220;off&#8220;][\/et_pb_button][\/et_pb_column][\/et_pb_row][\/et_pb_section][et_pb_section fb_built=&#8220;1&#8243; _builder_version=&#8220;3.22&#8243; custom_padding=&#8220;30px|0px|0|0px|false|false&#8220;][et_pb_row _builder_version=&#8220;3.25&#8243;][et_pb_column type=&#8220;4_4&#8243; _builder_version=&#8220;3.25&#8243; custom_padding=&#8220;|||&#8220; custom_padding__hover=&#8220;|||&#8220;][et_pb_text _builder_version=&#8220;3.12.2&#8243;]<\/p>\n<h1>Limited Crossgrade from Kolor Panotour to VR-Suite with 40% Discount<\/h1>\n<h2>How do I get 40% discount when changing from Kolor Panotour or Panotour Pro to VR-Suite?<\/h2>\n<ol>\n<li>Buy VR-Suite license in <a href=\"https:\/\/present4d.comshop\/\">online shop<\/a><\/li>\n<li>Send us an email with the proof of purchase of Kolor Panotour or Kolor Panotour Pro within 14 days of purchase.<\/li>\n<li>We will transfer the discount (1.000 \u20ac net) back to you immediately and send you a receipt for the credit note for the bookkeeping.<\/li>\n<\/ol>\n<p>Alternatively, you can contact us before purchase: <a href=\"&#109;a&#x69;l&#x74;o&#x3a;i&#x6e;&#102;&#x6f;&#64;&#x70;&#114;&#x65;&#115;e&#110;t&#x34;D&#x2e;d&#x65;\">in&#102;&#111;&#64;&#x70;&#x72;&#x65;&#x73;&#x65;nt&#52;&#68;&#46;&#x64;&#x65;<\/a> or +49 211 4685240 and receive a discounted invoice directly.<\/p>\n<h3>Offer conditions<\/h3>\n<p>The discount is only valid in the first license year and for VR-Suite licenses purchased after 14.09.2018. From the second year on the regular price applies: from 2.500 \u20ac plus VAT.<br \/> We reserve the right to terminate the temporary promotion at any time without prior notice. All customers who have already made their purchase will receive the discount as described above.<\/p>\n<h3>Note<\/h3>\n<p>When an industry leader like Kolor leaves the market, this is an unpleasant situation for the founders and employees, who have developed great products with passion &#8211; we use Autopano Pro, for example, in addition to PTGUI. But also for their customers the search for a professional alternative starts now, which is connected with additional costs. Therefore we decided to offer this reduced crossgrade at short notice.<\/p>\n<p>[\/et_pb_text][\/et_pb_column][\/et_pb_row][\/et_pb_section][et_pb_section fb_built=&#8220;1&#8243; inner_shadow=&#8220;on&#8220; admin_label=&#8220;section&#8220; _builder_version=&#8220;3.22&#8243; background_color=&#8220;#005a8c&#8220; custom_padding=&#8220;0px|0px|0px|0px&#8220;][et_pb_row admin_label=&#8220;row&#8220; _builder_version=&#8220;3.25&#8243;][et_pb_column type=&#8220;4_4&#8243; _builder_version=&#8220;3.25&#8243; custom_padding=&#8220;|||&#8220; custom_padding__hover=&#8220;|||&#8220;][et_pb_button button_url=&#8220;https:\/\/present4d.com\/de\/shop\/&#8220; button_text=&#8220;VR-Suite jetzt Kaufen und 1.000 \u20ac (netto) zur\u00fcck erhalten&#8220; button_alignment=&#8220;center&#8220; admin_label=&#8220;Teaser-Button: Jetzt Demo herunterladen!&#8220; _builder_version=&#8220;3.16&#8243; custom_button=&#8220;on&#8220; button_bg_color=&#8220;#e88d0c&#8220; button_border_width=&#8220;0px&#8220; button_font=&#8220;||||||||&#8220; background_layout=&#8220;dark&#8220; button_text_size__hover_enabled=&#8220;off&#8220; button_one_text_size__hover_enabled=&#8220;off&#8220; button_two_text_size__hover_enabled=&#8220;off&#8220; button_text_color__hover_enabled=&#8220;off&#8220; button_one_text_color__hover_enabled=&#8220;off&#8220; button_two_text_color__hover_enabled=&#8220;off&#8220; button_border_width__hover_enabled=&#8220;off&#8220; button_one_border_width__hover_enabled=&#8220;off&#8220; button_two_border_width__hover_enabled=&#8220;off&#8220; button_border_color__hover_enabled=&#8220;off&#8220; button_one_border_color__hover_enabled=&#8220;off&#8220; button_two_border_color__hover_enabled=&#8220;off&#8220; button_border_radius__hover_enabled=&#8220;off&#8220; button_one_border_radius__hover_enabled=&#8220;off&#8220; button_two_border_radius__hover_enabled=&#8220;off&#8220; button_letter_spacing__hover_enabled=&#8220;off&#8220; button_one_letter_spacing__hover_enabled=&#8220;off&#8220; button_two_letter_spacing__hover_enabled=&#8220;off&#8220; button_bg_color__hover_enabled=&#8220;off&#8220; button_one_bg_color__hover_enabled=&#8220;off&#8220; button_two_bg_color__hover_enabled=&#8220;off&#8220;]&nbsp;<\/p>\n<h1>Die VR-Suite ist eine Alternative f\u00fcr die Panotour Software von Kolor.<\/h1>\n<p>Wir entwickeln seit 2003 360\u00b0-Pr\u00e4sentationsl\u00f6sungen. Seit 2013 geh\u00f6ren wir mit der VR-Suite zu den Vorreitern im Bereich professioneller Virtual Reality Pr\u00e4sentationsl\u00f6sungen. 2016 haben wir den offiziellen Samsung GearVR KillerApp Contest gewonnen und seit Mai 2018 haben wir mit FARO einen global Player als strategischen Investor on Board. Wir sind ger\u00fcstet f\u00fcr die Zukunft.<\/p>\n<h2>Highlights der VR-Suite<\/h2>\n<ul>\n<li>Die VR-Suite l\u00e4uft nativ auf allen wichtigen VR-Devices wie Windows MR, Oculus Rift, Oculus Go, Samsung GearVR, HTC-Vive, Android und iOS Smartphones und Tablets.<\/li>\n<li>Die VR-Suite macht auch ohne VR-Brille Spa\u00df.<\/li>\n<li>Editieren Sie die Pr\u00e4sentation einfach direkt in den 360\u00b0-Locations per drag &amp; drop.<\/li>\n<li>360\u00b0-Videos k\u00f6nnen je nach Device sogar mit mehr als 4k wieder gegeben werden.<\/li>\n<li>Slideshows mit Fotos und Videos k\u00f6nnen einfach in den 360\u00b0-Locations eingebunden werden<\/li>\n<li>Content: 360\u00b0-Fotos, 360\u00b0-Videos, Slideshow Fotos und Videos; Alle Inhalte k\u00f6nnen stereoskopisch sein; Sounds; Ab Version 1.6 auch interaktive 3D Objekte.<\/li>\n<li>Derzeit arbeiten wir mit Hochdruck daran unseren HTML Exporter sowie die Mac Version zu finalisieren.<\/li>\n<\/ul>\n<p>Die Nachricht das Kolors virtual tour software Panotour und Pano Tour Pro am 14.09.2018 eingestellt wurden veranlasst uns das HTML Thema st\u00e4rker zu forcieren. Wir geben in den n\u00e4chsten Tagen bekannt wann wir eine erste Betaversion ver\u00f6ffentlichen werden und welche Auswirkungen der HTML Exporter auf das Preismodell haben wird. Nachfolgend finden Sie 3 HTML Referenzen vergangener Projekte.<br \/>\nHTML Example 1: <a href=\"http:\/\/www.doosanlentjes.com\/DoosanWorld\/index.html\">Virtual Doosan World<\/a><br \/>\nHTML Example 2: <a href=\"http:\/\/vrs.link\/dhlworld\">DHL Innovation Center<\/a> (including Videos)<br \/>\nHTML Example 3: <a href=\"http:\/\/www.teamxmedia.de\/360\/rwe\/\">RWE Baudokumentation<\/a>[\/et_pb_button][\/et_pb_column][\/et_pb_row][\/et_pb_section][et_pb_section fb_built=&#8220;1&#8243; custom_padding_last_edited=&#8220;on|phone&#8220; admin_label=&#8220;section&#8220; _builder_version=&#8220;3.22&#8243; background_image=&#8220;https:\/\/present4d.com\/wp-content\/uploads\/2017\/08\/Head-Shop.jpg&#8220; custom_padding=&#8220;58.3125px|0px|349px|0px&#8220; custom_padding_phone=&#8220;15%||15%|&#8220;][et_pb_row admin_label=&#8220;row&#8220; _builder_version=&#8220;3.25&#8243; background_size=&#8220;initial&#8220; background_position=&#8220;top_left&#8220; background_repeat=&#8220;repeat&#8220;][et_pb_column type=&#8220;4_4&#8243; _builder_version=&#8220;3.25&#8243; custom_padding=&#8220;|||&#8220; custom_padding__hover=&#8220;|||&#8220;][et_pb_text admin_label=&#8220;Text&#8220; _builder_version=&#8220;3.0.74&#8243; background_size=&#8220;initial&#8220; background_position=&#8220;top_left&#8220; background_repeat=&#8220;repeat&#8220;]\t\t\t\t[\/et_pb_text][\/et_pb_column][\/et_pb_row][\/et_pb_section][et_pb_section fb_built=&#8220;1&#8243; _builder_version=&#8220;3.22&#8243; custom_padding=&#8220;30px|0px|72px|0px&#8220;][et_pb_row custom_padding=&#8220;31.328125px|0px|0|0px|false|false&#8220; _builder_version=&#8220;3.25&#8243;][et_pb_column type=&#8220;4_4&#8243; _builder_version=&#8220;3.25&#8243; custom_padding=&#8220;|||&#8220; custom_padding__hover=&#8220;|||&#8220;][et_pb_text _builder_version=&#8220;3.12.2&#8243;]<\/p>\n<h1>Die VR-Suite ist eine Alternative f\u00fcr die Software Panotour von Kolor.<\/h1>\n<p>Professionelle VR-Pr\u00e4sentationen einfach selber machen &#8211; das ist die Mission der Virtual Reality Suite. Wir entwickeln seit 2003 360\u00b0-Pr\u00e4sentationsl\u00f6sungen. Seit 2013 geh\u00f6ren wir mit der VR-Suite zu den Vorreitern im Bereich professioneller Virtual Reality Pr\u00e4sentationsl\u00f6sungen. 2016 haben wir den offiziellen Samsung GearVR KillerApp Contest gewonnen und seit Mai 2018 haben wir mit FARO einen global Player als strategischen Investor on Board. Wir sind ger\u00fcstet f\u00fcr die Zukunft.<\/p>\n<h3>Highlights der VR-Suite<\/h3>\n<ul>\n<li>Die VR-Suite l\u00e4uft nativ auf allen wichtigen VR-Devices wie Windows MR, Oculus Rift, Oculus Go, Samsung GearVR, HTC-Vive, Smartphones und Tablets.<\/li>\n<li>Die VR-Suite macht auch ohne VR-Brille Spa\u00df.<\/li>\n<li>Editieren Sie die Pr\u00e4sentation einfach direkt in den 360\u00b0-Locations per drag &amp; drop.<\/li>\n<li>360\u00b0-Videos k\u00f6nnen je nach Device sogar mit mehr als 4k wieder gegeben werden.<\/li>\n<li>Slideshows mit Fotos und Videos k\u00f6nnen einfach in den 360\u00b0-Locations eingebunden werden<\/li>\n<li>Content: 360\u00b0-Fotos, 360\u00b0-Videos, Slideshow Fotos und Videos; Alle Inhalte k\u00f6nnen stereoskopisch sein; Sounds; Ab Version 1.6 auch interaktive 3D Objekte.<\/li>\n<li>Einfache Verteilung auf alle Devices via Cloud oder Kabel.<\/li>\n<li>Konferenz Modus f\u00fcr gef\u00fchrte Pr\u00e4sentationen.<\/li>\n<li>Derzeit arbeiten wir mit Hochdruck daran unseren HTML Exporter sowie die Mac Version zu finalisieren.<\/li>\n<\/ul>\n<h3>VR-Suite &amp; HTML<\/h3>\n<p>Die Nachricht das Kolors Virtual Tour Software Panotour und Pano Tour Pro am 14.09.2018 eingestellt wurden veranlasst uns das HTML Thema wieder st\u00e4rker zu voran zu treiben. Wir geben in den n\u00e4chsten Tagen bekannt wann wir eine erste Betaversion ver\u00f6ffentlichen werden und welche Auswirkungen der HTML Exporter auf das Preismodell haben wird. Nachfolgend finden Sie 3 HTML Referenzen vergangener Projekte.<\/p>\n<p>HTML Example 1: <a href=\"http:\/\/www.doosanlentjes.com\/DoosanWorld\/index.html\">Virtual Doosan World<\/a><br \/> HTML Example 2: <a href=\"http:\/\/vrs.link\/dhlworld\">DHL Innovation Center<\/a> (including Videos)<br \/> HTML Example 3: <a href=\"http:\/\/www.teamxmedia.de\/360\/rwe\/\">RWE Baudokumentation<\/a><\/p>\n<p>[\/et_pb_text][\/et_pb_column][\/et_pb_row][\/et_pb_section][et_pb_section fb_built=&#8220;1&#8243; inner_shadow=&#8220;on&#8220; admin_label=&#8220;section&#8220; _builder_version=&#8220;3.22&#8243; background_color=&#8220;#005a8c&#8220; custom_padding=&#8220;0px|0px|0px|0px&#8220;][et_pb_row admin_label=&#8220;row&#8220; _builder_version=&#8220;3.25&#8243;][et_pb_column type=&#8220;4_4&#8243; _builder_version=&#8220;3.25&#8243; custom_padding=&#8220;|||&#8220; custom_padding__hover=&#8220;|||&#8220;][et_pb_button button_url=&#8220;https:\/\/present4d.comdownload-form\/&#8220; button_text=&#8220;VR-Suite jetzt ausprobieren&#8220; button_alignment=&#8220;center&#8220; admin_label=&#8220;Teaser-Button: Jetzt Demo herunterladen!&#8220; _builder_version=&#8220;3.16&#8243; custom_button=&#8220;on&#8220; button_bg_color=&#8220;#e88d0c&#8220; button_border_width=&#8220;0px&#8220; button_font=&#8220;||||||||&#8220; background_layout=&#8220;dark&#8220; button_text_size__hover_enabled=&#8220;off&#8220; button_one_text_size__hover_enabled=&#8220;off&#8220; button_two_text_size__hover_enabled=&#8220;off&#8220; button_text_color__hover_enabled=&#8220;off&#8220; button_one_text_color__hover_enabled=&#8220;off&#8220; button_two_text_color__hover_enabled=&#8220;off&#8220; button_border_width__hover_enabled=&#8220;off&#8220; button_one_border_width__hover_enabled=&#8220;off&#8220; button_two_border_width__hover_enabled=&#8220;off&#8220; button_border_color__hover_enabled=&#8220;off&#8220; button_one_border_color__hover_enabled=&#8220;off&#8220; button_two_border_color__hover_enabled=&#8220;off&#8220; button_border_radius__hover_enabled=&#8220;off&#8220; button_one_border_radius__hover_enabled=&#8220;off&#8220; button_two_border_radius__hover_enabled=&#8220;off&#8220; button_letter_spacing__hover_enabled=&#8220;off&#8220; button_one_letter_spacing__hover_enabled=&#8220;off&#8220; button_two_letter_spacing__hover_enabled=&#8220;off&#8220; button_bg_color__hover_enabled=&#8220;off&#8220; button_one_bg_color__hover_enabled=&#8220;off&#8220; button_two_bg_color__hover_enabled=&#8220;off&#8220;][\/et_pb_button][\/et_pb_column][\/et_pb_row][\/et_pb_section][et_pb_section fb_built=&#8220;1&#8243; _builder_version=&#8220;3.22&#8243; custom_padding=&#8220;30px|0px|72px|0px&#8220;][et_pb_row _builder_version=&#8220;3.25&#8243;][et_pb_column type=&#8220;4_4&#8243; _builder_version=&#8220;3.25&#8243; custom_padding=&#8220;|||&#8220; custom_padding__hover=&#8220;|||&#8220;][et_pb_text _builder_version=&#8220;3.0.105&#8243;]<\/p>\n<h1>Anerkennung f\u00fcr die VR-Suite aus allen Branchen \u2013 f\u00fcr uns und unsere Kunden.<\/h1>\n<p>[\/et_pb_text][\/et_pb_column][\/et_pb_row][et_pb_row _builder_version=&#8220;3.25&#8243; column_structure=&#8220;1_3,1_3,1_3&#8243;][et_pb_column type=&#8220;1_3&#8243; _builder_version=&#8220;3.25&#8243; custom_padding=&#8220;|||&#8220; custom_padding__hover=&#8220;|||&#8220;][et_pb_image src=&#8220;https:\/\/present4d.com\/wp-content\/uploads\/2018\/02\/3Spalten_480x270-Samsung.jpg&#8220; align=&#8220;center&#8220; align_tablet=&#8220;center&#8220; align_last_edited=&#8220;on|desktop&#8220; _builder_version=&#8220;3.23&#8243; custom_margin=&#8220;0px||0px|&#8220; custom_padding=&#8220;0px||0px|&#8220;][\/et_pb_image][\/et_pb_column][et_pb_column type=&#8220;1_3&#8243; _builder_version=&#8220;3.25&#8243; custom_padding=&#8220;|||&#8220; custom_padding__hover=&#8220;|||&#8220;][et_pb_image src=&#8220;https:\/\/present4d.com\/wp-content\/uploads\/2018\/02\/3Spalten_480x270_eLearningAward.png&#8220; align_tablet=&#8220;center&#8220; align_last_edited=&#8220;on|desktop&#8220; _builder_version=&#8220;3.23&#8243;][\/et_pb_image][\/et_pb_column][et_pb_column type=&#8220;1_3&#8243; _builder_version=&#8220;3.25&#8243; custom_padding=&#8220;|||&#8220; custom_padding__hover=&#8220;|||&#8220;][et_pb_testimonial author=&#8220;Frank Hermann&#8220; job_title=&#8220;DHL Customer Solutions &amp; Innovation Innovation Campus Operations Manager&#8220; quote_icon_color=&#8220;#005a8c&#8220; _builder_version=&#8220;3.2&#8243; body_font=&#8220;||||||||&#8220; body_text_color=&#8220;#005a8c&#8220; body_font_size=&#8220;1em&#8220;]<strong><em>Ein gro\u00dfer Vorteil der VR-Suite APP ist ihre Flexibilit\u00e4t und die rasche und unkomplizierte Anpassung.<\/em><\/strong><br \/>\n[\/et_pb_testimonial][\/et_pb_column][\/et_pb_row][\/et_pb_section]<\/p>\n","protected":false},"excerpt":{"rendered":"<p>Virtual Reality Suite &#8211; f\u00fcr KOLOR Kunden Kombinieren Sie im Handumdrehen 360\u00b0-Videos, 360\u00b0-Fotos und Multimedia zu einer professionellen VR-Pr\u00e4sentation.Limited Crossgrade from Kolor Panotour to VR-Suite with 40% Discount How do [&hellip;]<\/p>\n","protected":false},"author":3,"featured_media":0,"parent":0,"menu_order":0,"comment_status":"closed","ping_status":"closed","template":"","meta":{"_et_pb_use_builder":"on","_et_pb_old_content":"","_et_gb_content_width":""},"acf":[],"_links":{"self":[{"href":"https:\/\/present4d.com\/de\/wp-json\/wp\/v2\/pages\/9324"}],"collection":[{"href":"https:\/\/present4d.com\/de\/wp-json\/wp\/v2\/pages"}],"about":[{"href":"https:\/\/present4d.com\/de\/wp-json\/wp\/v2\/types\/page"}],"author":[{"embeddable":true,"href":"https:\/\/present4d.com\/de\/wp-json\/wp\/v2\/users\/3"}],"replies":[{"embeddable":true,"href":"https:\/\/present4d.com\/de\/wp-json\/wp\/v2\/comments?post=9324"}],"version-history":[{"count":0,"href":"https:\/\/present4d.com\/de\/wp-json\/wp\/v2\/pages\/9324\/revisions"}],"wp:attachment":[{"href":"https:\/\/present4d.com\/de\/wp-json\/wp\/v2\/media?parent=9324"}],"curies":[{"name":"wp","href":"https:\/\/api.w.org\/{rel}","templated":true}]}}