{"id":9309,"date":"2019-07-25T16:10:09","date_gmt":"2019-07-25T14:10:09","guid":{"rendered":"https:\/\/present4d.com\/distributors\/"},"modified":"2019-07-26T09:08:24","modified_gmt":"2019-07-26T07:08:24","slug":"distributors","status":"publish","type":"page","link":"https:\/\/present4d.com\/de\/distributors\/","title":{"rendered":"Distributors"},"content":{"rendered":"<p>[et_pb_section fb_built=&#8220;1&#8243; custom_padding_last_edited=&#8220;on|phone&#8220; admin_label=&#8220;section&#8220; _builder_version=&#8220;3.22.3&#8243; background_image=&#8220;https:\/\/present4d.com\/wp-content\/uploads\/2017\/08\/Head-Shop-internat.jpg&#8220; background_position=&#8220;top_right&#8220; custom_padding=&#8220;58.3125px|0px|349px|0px&#8220; custom_padding_phone=&#8220;15%||15%|&#8220;][et_pb_row admin_label=&#8220;row&#8220; _builder_version=&#8220;3.25&#8243; background_size=&#8220;initial&#8220; background_position=&#8220;top_left&#8220; background_repeat=&#8220;repeat&#8220;][et_pb_column type=&#8220;4_4&#8243; _builder_version=&#8220;3.25&#8243; custom_padding=&#8220;|||&#8220; custom_padding__hover=&#8220;|||&#8220;][et_pb_text _builder_version=&#8220;3.0.74&#8243; background_size=&#8220;initial&#8220; background_position=&#8220;top_left&#8220; background_repeat=&#8220;repeat&#8220;][\/et_pb_text][\/et_pb_column][\/et_pb_row][\/et_pb_section][et_pb_section fb_built=&#8220;1&#8243; admin_label=&#8220;section&#8220; _builder_version=&#8220;3.22.3&#8243; custom_padding=&#8220;||0px|&#8220;][et_pb_row admin_label=&#8220;row&#8220; _builder_version=&#8220;3.25&#8243;][et_pb_column type=&#8220;4_4&#8243; _builder_version=&#8220;3.25&#8243; custom_padding=&#8220;|||&#8220; custom_padding__hover=&#8220;|||&#8220;][et_pb_text _builder_version=&#8220;3.0.74&#8243;]<\/p>\n<h1>Unser internationales Partner und Distributoren Netzwerk<\/h1>\n<p>&nbsp;<\/p>\n<h3>Leistungsumfang<\/h3>\n<ul>\n<li>Unterst\u00fctzung in Ihrer Muttersprache<\/li>\n<li>Durchf\u00fchrung von VR-Suite Trainings<\/li>\n<li>Erl\u00e4uterungen zu den Lizenzmodellen<\/li>\n<li>Direktverkauf von VR-Suite Lizenzen<\/li>\n<\/ul>\n<p>Bewerben Sie sich als Vertriebspartner: <a href=\"&#109;&#x61;&#x69;&#108;&#x74;&#x6f;&#58;&#x69;&#x6e;&#102;&#x6f;&#x40;&#112;&#x72;&#x65;&#115;&#x65;&#x6e;&#116;&#x34;&#x44;&#46;&#x64;&#x65;\">&#x69;&#x6e;&#x66;&#x6f;&#x40;&#x70;&#x72;&#x65;&#x73;&#x65;&#x6e;&#x74;&#x34;&#x44;&#46;&#100;&#101;<\/a><br \/>\n[\/et_pb_text][\/et_pb_column][\/et_pb_row][et_pb_row custom_padding=&#8220;30px|0px|0px|0px&#8220; admin_label=&#8220;Trennlinie&#8220; _builder_version=&#8220;3.25&#8243;][et_pb_column type=&#8220;4_4&#8243; _builder_version=&#8220;3.25&#8243; custom_padding=&#8220;|||&#8220; custom_padding__hover=&#8220;|||&#8220;][et_pb_divider color=&#8220;#efefef&#8220; divider_position=&#8220;center&#8220; divider_weight=&#8220;3px&#8220; disabled_on=&#8220;on|on|off&#8220; _builder_version=&#8220;3.23.4&#8243; height=&#8220;0px&#8220;][\/et_pb_divider][\/et_pb_column][\/et_pb_row][et_pb_row admin_label=&#8220;Distribution Partners&#8220; _builder_version=&#8220;3.25&#8243; width=&#8220;100%&#8220;][et_pb_column type=&#8220;4_4&#8243; _builder_version=&#8220;3.25&#8243; custom_padding=&#8220;|||&#8220; custom_padding__hover=&#8220;|||&#8220;][et_pb_text admin_label=&#8220;Text&#8220; _builder_version=&#8220;3.24&#8243;]<\/p>\n<h1 style=\"text-align: center;\"><strong><span style=\"color: #005a8c;\">Distributoren<\/span><\/strong><\/h1>\n<p>[\/et_pb_text][\/et_pb_column][\/et_pb_row][et_pb_row admin_label=&#8220;Global&#8220; _builder_version=&#8220;3.25&#8243;][et_pb_column type=&#8220;4_4&#8243; _builder_version=&#8220;3.25&#8243; custom_padding=&#8220;|||&#8220; custom_padding__hover=&#8220;|||&#8220;][et_pb_text _builder_version=&#8220;3.24&#8243;]<\/p>\n<h1>Global<\/h1>\n<p>[\/et_pb_text][\/et_pb_column][\/et_pb_row][et_pb_row custom_padding=&#8220;|20px|0px|20px&#8220; admin_label=&#8220;FARO&#8220; _builder_version=&#8220;3.25&#8243; column_structure=&#8220;1_4,3_4&#8243;][et_pb_column type=&#8220;1_4&#8243; _builder_version=&#8220;3.25&#8243; background_size=&#8220;contain&#8220; custom_padding=&#8220;|||&#8220; custom_padding__hover=&#8220;|||&#8220;][et_pb_image src=&#8220;https:\/\/present4d.com\/wp-content\/uploads\/2019\/06\/logo-partner-faro.png&#8220; align=&#8220;center&#8220; align_tablet=&#8220;center&#8220; align_last_edited=&#8220;on|desktop&#8220; module_class=&#8220;et_animated&#8220; _builder_version=&#8220;3.24&#8243; animation_style=&#8220;slide&#8220; animation_direction=&#8220;bottom&#8220; animation_duration=&#8220;500ms&#8220; animation_intensity_slide=&#8220;10%&#8220; animation=&#8220;bottom&#8220;][\/et_pb_image][\/et_pb_column][et_pb_column type=&#8220;3_4&#8243; _builder_version=&#8220;3.25&#8243; custom_padding=&#8220;|||&#8220; custom_padding__hover=&#8220;|||&#8220;][et_pb_text _builder_version=&#8220;3.24&#8243;]<\/p>\n<h1>FARO Global Headquarters &#8211; USA<\/h1>\n<p>Phone: +1 (407) 333-9911<br \/>\nToll Free: +1 (800) 736-0234<br \/>\nFax: +1 (407) 333-4181<br \/>\nSupport: +1 (800) 736-2771<\/p>\n<p><a href=\"http:\/\/www.faro.com\">www.faro.com<\/a><\/p>\n<p>250 Technology Park Lake Mary, FL 32746, USA<\/p>\n<h1>FARO EUROPE GmbH &amp; Co. KG &#8211; Germany<\/h1>\n<p>Phone: +49 (0) 7150 \/ 97 97 0<br \/>\nFreecall: 00800 \u2013 3276 7253<br \/>\nFax: +49 (0) 7150 \/ 97 97 44<\/p>\n<p><a href=\"mailto&#58;&#73;&#78;&#70;&#79;&#46;&#69;&#x4d;&#x45;&#x41;&#x40;&#x46;&#x41;&#x52;&#x4f;&#x2e;&#x43;&#x4f;&#x4d;\">&#x49;&#x4e;&#x46;&#x4f;&#x2e;&#x45;&#77;&#69;&#65;&#64;FARO&#x2e;&#x43;&#x4f;&#x4d;<\/a><\/p>\n<p>Headoffice: Lingwiesenstr. 11\/2, 70825 Korntal-M\u00fcnchingen, Germany<\/p>\n<h1>FARO Singapore Pte Ltd<\/h1>\n<p>Phone: +65 65 111 350<br \/>\nFax: +65 65 430 111<\/p>\n<p><a title=\"&#x75;k&#x2e;&#101;m&#x65;&#97;&#x40;&#102;a&#x72;&#111;&#x2e;&#99;o&#x6d;\" href=\"m&#97;&#x69;&#x6c;t&#111;&#x3a;&#x61;s&#105;&#97;&#x40;&#x66;a&#114;&#x6f;&#x2e;c&#111;&#x6d;\">A&#83;&#73;&#65;&#x40;&#x46;&#x41;RO&#46;&#67;&#x4f;&#x4d;<\/a><\/p>\n<p>No. 3 Changi South Street 2, 01-01 Xilin Districentre Building B, Singapore 486548, Singapore[\/et_pb_text][\/et_pb_column][\/et_pb_row][et_pb_row admin_label=&#8220;Europa&#8220; _builder_version=&#8220;3.25&#8243;][et_pb_column type=&#8220;4_4&#8243; _builder_version=&#8220;3.25&#8243; custom_padding=&#8220;|||&#8220; custom_padding__hover=&#8220;|||&#8220;][et_pb_text _builder_version=&#8220;3.24&#8243;]<\/p>\n<h1>Europa<\/h1>\n<p>[\/et_pb_text][\/et_pb_column][\/et_pb_row][et_pb_row custom_padding=&#8220;|20px|0px|20px&#8220; admin_label=&#8220;Schenker&#8220; _builder_version=&#8220;3.25&#8243; column_structure=&#8220;1_4,3_4&#8243;][et_pb_column type=&#8220;1_4&#8243; _builder_version=&#8220;3.25&#8243; background_size=&#8220;contain&#8220; custom_padding=&#8220;|||&#8220; custom_padding__hover=&#8220;|||&#8220;][et_pb_image src=&#8220;https:\/\/present4d.com\/wp-content\/uploads\/2019\/06\/schenker.png&#8220; align=&#8220;center&#8220; align_tablet=&#8220;center&#8220; align_last_edited=&#8220;on|desktop&#8220; module_class=&#8220;et_animated&#8220; _builder_version=&#8220;3.23.3&#8243; animation_style=&#8220;slide&#8220; animation_direction=&#8220;bottom&#8220; animation_duration=&#8220;500ms&#8220; animation_intensity_slide=&#8220;10%&#8220; animation=&#8220;bottom&#8220;][\/et_pb_image][\/et_pb_column][et_pb_column type=&#8220;3_4&#8243; _builder_version=&#8220;3.25&#8243; custom_padding=&#8220;|||&#8220; custom_padding__hover=&#8220;|||&#8220;][et_pb_text _builder_version=&#8220;3.23.3&#8243;]<\/p>\n<h1>Schenker Technologies GmbH<\/h1>\n<p>Walter-K\u00f6hn-Stra\u00dfe 2C<br \/>\nD-04356 Leipzig<\/p>\n<p>Contact: Uwe Werner<\/p>\n<p><a href=\"tel:+49%20341%20246%2070%204%20-%209894\">Phone: +49 341 246 70 4 &#8211; 9894<br \/>\n<\/a><a href=\"&#x6d;&#x61;&#x69;&#108;&#116;&#111;:v&#x72;&#x2d;&#x73;&#x61;&#108;&#101;s&#64;&#x73;&#x63;&#x68;&#x65;&#110;&#107;er&#x2d;&#x74;&#x65;&#x63;&#104;&#46;&#100;e\">&#x76;&#x72;&#45;&#115;a&#x6c;&#x65;&#x73;&#64;sc&#x68;&#x65;&#110;&#107;e&#x72;&#x2d;&#x74;&#101;ch&#x2e;&#x64;&#101;<\/a><\/p>\n<p><a href=\"http:\/\/www.schenker-tech.de\/\">www.schenker-tech.de<br \/>\n<\/a><a href=\"https:\/\/bestware.com\/de\/vr-ar\/vr-software\">www.bestware.com<\/a>[\/et_pb_text][\/et_pb_column][\/et_pb_row][et_pb_row custom_padding=&#8220;30px|0px|0px|0px&#8220; admin_label=&#8220;Trennlinie&#8220; _builder_version=&#8220;3.25&#8243;][et_pb_column type=&#8220;4_4&#8243; _builder_version=&#8220;3.25&#8243; custom_padding=&#8220;|||&#8220; custom_padding__hover=&#8220;|||&#8220;][et_pb_divider color=&#8220;#efefef&#8220; divider_position=&#8220;center&#8220; divider_weight=&#8220;3px&#8220; disabled_on=&#8220;on|on|off&#8220; _builder_version=&#8220;3.23.4&#8243; height=&#8220;0px&#8220;][\/et_pb_divider][\/et_pb_column][\/et_pb_row][et_pb_row admin_label=&#8220;Partner Agenturen &#8220; _builder_version=&#8220;3.25&#8243;][et_pb_column type=&#8220;4_4&#8243; _builder_version=&#8220;3.25&#8243; custom_padding=&#8220;|||&#8220; custom_padding__hover=&#8220;|||&#8220;][et_pb_text _builder_version=&#8220;3.24&#8243;]<\/p>\n<h1 style=\"text-align: center;\"><strong>Partner Agenturen &amp; Reseller<\/strong><\/h1>\n<p>[\/et_pb_text][\/et_pb_column][\/et_pb_row][et_pb_row admin_label=&#8220;Deutschland&#8220; _builder_version=&#8220;3.25&#8243;][et_pb_column type=&#8220;4_4&#8243; _builder_version=&#8220;3.25&#8243; custom_padding=&#8220;|||&#8220; custom_padding__hover=&#8220;|||&#8220;][et_pb_text _builder_version=&#8220;3.24&#8243;]<\/p>\n<h1>Deutschland<\/h1>\n<p>[\/et_pb_text][\/et_pb_column][\/et_pb_row][et_pb_row custom_padding=&#8220;|20px|0px|20px&#8220; admin_label=&#8220;Engram&#8220; _builder_version=&#8220;3.25&#8243; column_structure=&#8220;1_4,3_4&#8243;][et_pb_column type=&#8220;1_4&#8243; _builder_version=&#8220;3.25&#8243; background_size=&#8220;contain&#8220; custom_padding=&#8220;|||&#8220; custom_padding__hover=&#8220;|||&#8220;][et_pb_image src=&#8220;https:\/\/present4d.com\/wp-content\/uploads\/2019\/06\/Logo-Partner-Engram.png&#8220; align=&#8220;center&#8220; align_tablet=&#8220;center&#8220; align_last_edited=&#8220;on|desktop&#8220; module_class=&#8220;et_animated&#8220; _builder_version=&#8220;3.24&#8243; animation_style=&#8220;slide&#8220; animation_direction=&#8220;bottom&#8220; animation_duration=&#8220;500ms&#8220; animation_intensity_slide=&#8220;10%&#8220; animation=&#8220;bottom&#8220;][\/et_pb_image][\/et_pb_column][et_pb_column type=&#8220;3_4&#8243; _builder_version=&#8220;3.25&#8243; custom_padding=&#8220;|||&#8220; custom_padding__hover=&#8220;|||&#8220;][et_pb_text _builder_version=&#8220;3.24&#8243;]<\/p>\n<h1>engram GmbH<\/h1>\n<p>Konsul-Smidt-Str. 8r<br class=\"\" \/>28217 Bremen<\/p>\n<p>Contact: Ralf Post<br \/>\nPhone: +49 421 62 02 98-0<br \/>\n<a href=\"mai&#108;&#116;&#111;&#58;&#x72;&#x61;&#x6c;&#x66;&#x2e;&#x70;&#x6f;st&#64;&#101;&#110;&#103;&#114;&#97;&#x6d;&#x2e;&#x64;&#x65;\">&#x72;&#x61;&#x6c;&#102;&#46;po&#x73;&#x74;&#x40;&#x65;&#110;&#103;ra&#x6d;&#x2e;&#x64;&#101;<\/a><\/p>\n<p><a href=\"http:\/\/www.engram.de\">www.engram.de<\/a>[\/et_pb_text][\/et_pb_column][\/et_pb_row][et_pb_row custom_padding=&#8220;|20px|0px|20px&#8220; admin_label=&#8220;TwinC&#8220; _builder_version=&#8220;3.25&#8243; column_structure=&#8220;1_4,3_4&#8243;][et_pb_column type=&#8220;1_4&#8243; _builder_version=&#8220;3.25&#8243; background_size=&#8220;contain&#8220; custom_padding=&#8220;|||&#8220; custom_padding__hover=&#8220;|||&#8220;][et_pb_image src=&#8220;https:\/\/present4d.com\/wp-content\/uploads\/2019\/06\/Logo-Partner-Twinc.png&#8220; align=&#8220;center&#8220; align_tablet=&#8220;center&#8220; align_last_edited=&#8220;on|desktop&#8220; module_class=&#8220;et_animated&#8220; _builder_version=&#8220;3.24&#8243; animation_style=&#8220;slide&#8220; animation_direction=&#8220;bottom&#8220; animation_duration=&#8220;500ms&#8220; animation_intensity_slide=&#8220;10%&#8220; animation=&#8220;bottom&#8220;][\/et_pb_image][\/et_pb_column][et_pb_column type=&#8220;3_4&#8243; _builder_version=&#8220;3.25&#8243; custom_padding=&#8220;|||&#8220; custom_padding__hover=&#8220;|||&#8220;][et_pb_text _builder_version=&#8220;3.24&#8243;]<\/p>\n<h1>twinC GmbH<\/h1>\n<div class=\"\">Gabelsbergerstr. 3<\/div>\n<div class=\"\">42279 Wuppertal<\/div>\n<p>Contact: Sebastian Seidel<br \/>\nPhone: +49 151-14991854<br \/>\n<a class=\"\" href=\"ma&#105;&#108;&#116;&#111;&#x3a;&#x73;&#x2e;&#x73;&#x65;id&#101;&#108;&#64;&#116;&#x77;&#x69;&#x6e;&#x63;&#x2e;ac&#97;&#100;&#101;&#109;&#x79;\"> &#x73;&#46;&#115;e&#x69;&#x64;&#101;l&#x40;&#x74;&#119;in&#x63;&#46;&#97;c&#x61;&#x64;&#101;m&#x79;<\/a><\/p>\n<p><a class=\"\" href=\"http:\/\/www.twinc.academy\/\">www.twinc.academy<\/a>[\/et_pb_text][\/et_pb_column][\/et_pb_row][et_pb_row admin_label=&#8220;Italien&#8220; _builder_version=&#8220;3.25&#8243;][et_pb_column type=&#8220;4_4&#8243; _builder_version=&#8220;3.25&#8243; custom_padding=&#8220;|||&#8220; custom_padding__hover=&#8220;|||&#8220;][et_pb_text _builder_version=&#8220;3.0.74&#8243;]<\/p>\n<h1>Italien<\/h1>\n<p>[\/et_pb_text][\/et_pb_column][\/et_pb_row][et_pb_row custom_padding=&#8220;|20px|0px|20px&#8220; admin_label=&#8220;Interiors 3D&#8220; _builder_version=&#8220;3.25&#8243; column_structure=&#8220;1_4,3_4&#8243;][et_pb_column type=&#8220;1_4&#8243; _builder_version=&#8220;3.25&#8243; background_size=&#8220;contain&#8220; custom_padding=&#8220;|||&#8220; custom_padding__hover=&#8220;|||&#8220;][et_pb_image src=&#8220;https:\/\/present4d.com\/wp-content\/uploads\/2017\/07\/Logo-Interiors3D.jpg&#8220; align=&#8220;center&#8220; align_tablet=&#8220;center&#8220; align_last_edited=&#8220;on|desktop&#8220; module_class=&#8220;et_animated&#8220; _builder_version=&#8220;3.23&#8243; animation_style=&#8220;slide&#8220; animation_direction=&#8220;bottom&#8220; animation_duration=&#8220;500ms&#8220; animation_intensity_slide=&#8220;10%&#8220; animation=&#8220;bottom&#8220;][\/et_pb_image][\/et_pb_column][et_pb_column type=&#8220;3_4&#8243; _builder_version=&#8220;3.25&#8243; custom_padding=&#8220;|||&#8220; custom_padding__hover=&#8220;|||&#8220;][et_pb_text _builder_version=&#8220;3.0.74&#8243;]<\/p>\n<h1>Interiors3D sas<\/h1>\n<p>v. Brandolini, 88<br \/>\n31029 Vittorio Veneto (TV) \u2013 Italy<\/p>\n<p>Contact: Andrea Bortolot<br \/>\nPhone +39 348 7001927<br \/>\n<a href=\"&#x6d;&#97;i&#x6c;&#x74;&#111;:&#x61;&#110;d&#x72;&#x65;&#97;&#64;&#x69;&#110;t&#x65;&#x72;&#105;o&#x72;&#x73;&#51;&#x64;&#x2e;&#105;t\">&#97;&#x6e;&#100;&#x72;&#101;&#x61;&#64;&#x69;n&#116;&#x65;&#114;&#x69;&#111;&#x72;s&#x33;d&#46;&#x69;&#116;<\/a><\/p>\n<p>www.interiors3d.com<br \/>\n[\/et_pb_text][\/et_pb_column][\/et_pb_row][et_pb_row admin_label=&#8220;Schweiz&#8220; _builder_version=&#8220;3.25&#8243;][et_pb_column type=&#8220;4_4&#8243; _builder_version=&#8220;3.25&#8243; custom_padding=&#8220;|||&#8220; custom_padding__hover=&#8220;|||&#8220;][et_pb_text _builder_version=&#8220;3.24&#8243;]<\/p>\n<h1>Schweiz<\/h1>\n<p>[\/et_pb_text][\/et_pb_column][\/et_pb_row][et_pb_row custom_padding=&#8220;|20px|0px|20px&#8220; admin_label=&#8220;De Cataldo&#8220; _builder_version=&#8220;3.25&#8243; column_structure=&#8220;1_4,3_4&#8243;][et_pb_column type=&#8220;1_4&#8243; _builder_version=&#8220;3.25&#8243; background_size=&#8220;contain&#8220; custom_padding=&#8220;|||&#8220; custom_padding__hover=&#8220;|||&#8220;][et_pb_image src=&#8220;https:\/\/present4d.com\/wp-content\/uploads\/2019\/06\/Logo-Partner-DCC.png&#8220; align=&#8220;center&#8220; align_tablet=&#8220;center&#8220; align_last_edited=&#8220;on|desktop&#8220; module_class=&#8220;et_animated&#8220; _builder_version=&#8220;3.24&#8243; animation_style=&#8220;slide&#8220; animation_direction=&#8220;bottom&#8220; animation_duration=&#8220;500ms&#8220; animation_intensity_slide=&#8220;10%&#8220; animation=&#8220;bottom&#8220;][\/et_pb_image][\/et_pb_column][et_pb_column type=&#8220;3_4&#8243; _builder_version=&#8220;3.25&#8243; custom_padding=&#8220;|||&#8220; custom_padding__hover=&#8220;|||&#8220;][et_pb_text _builder_version=&#8220;3.24&#8243;]<\/p>\n<h1>De Cataldo Consulting GmbH<\/h1>\n<p>Gartenwisweg 12<br class=\"\" \/>9220 Bischofszell<\/p>\n<p>Contact: Claudio De Cataldo<br \/>\nPhone: +41 71 380 08 26<br \/>\n<a class=\"\" href=\"&#109;&#x61;&#x69;l&#116;&#x6f;&#x3a;c&#97;&#x74;a&#108;&#x64;&#x6f;&#64;&#98;&#x6c;u&#101;&#x77;&#x69;n&#46;&#x63;&#x68;\">&#99;&#x61;&#116;&#x61;l&#x64;o&#64;&#x62;&#108;&#x75;&#101;&#x77;i&#x6e;&#46;&#99;&#x68;<\/a><\/p>\n<p><a href=\"http:\/\/www.dcconsulting.ch\/\">www.dcconsulting.ch<\/a>[\/et_pb_text][\/et_pb_column][\/et_pb_row][et_pb_row custom_padding=&#8220;|20px|0px|20px&#8220; admin_label=&#8220;MPS&#8220; _builder_version=&#8220;3.25&#8243; column_structure=&#8220;1_4,3_4&#8243;][et_pb_column type=&#8220;1_4&#8243; _builder_version=&#8220;3.25&#8243; background_size=&#8220;contain&#8220; custom_padding=&#8220;|||&#8220; custom_padding__hover=&#8220;|||&#8220;][et_pb_image src=&#8220;https:\/\/present4d.com\/wp-content\/uploads\/2019\/06\/Logo-Partner-mps.png&#8220; align=&#8220;center&#8220; align_tablet=&#8220;center&#8220; align_last_edited=&#8220;on|desktop&#8220; module_class=&#8220;et_animated&#8220; _builder_version=&#8220;3.24&#8243; animation_style=&#8220;slide&#8220; animation_direction=&#8220;bottom&#8220; animation_duration=&#8220;500ms&#8220; animation_intensity_slide=&#8220;10%&#8220; animation=&#8220;bottom&#8220;][\/et_pb_image][\/et_pb_column][et_pb_column type=&#8220;3_4&#8243; _builder_version=&#8220;3.25&#8243; custom_padding=&#8220;|||&#8220; custom_padding__hover=&#8220;|||&#8220;][et_pb_text _builder_version=&#8220;3.24&#8243;]<\/p>\n<h1>MPS Europa<\/h1>\n<p>Lindenstrasse 14 <br class=\"\" \/>6340 Baar<\/p>\n<p>Contact: J\u00f6rg Inderbitzin<br \/>\nPhone: +41 41 749 16 13<br \/>\n<span lang=\"DE-CH\"><a href=\"&#x6d;&#x61;&#x69;&#x6c;&#x74;&#x6f;&#x3a;&#x6a;&#x6f;&#x65;&#x72;&#x67;&#x2e;&#x69;&#x6e;&#x64;&#x65;&#x72;&#x62;&#x69;&#x74;&#x7a;&#x69;&#x6e;&#x40;&#x6d;&#x70;&#x73;&#x65;&#x75;&#x72;&#x6f;&#x70;&#x61;&#x2e;&#x63;&#x68;\">jo&#101;&#114;&#103;&#x2e;&#x69;&#x6e;&#x64;er&#98;&#105;&#116;&#x7a;&#x69;&#x6e;&#x40;mp&#115;&#101;&#117;&#x72;&#x6f;&#x70;&#x61;&#46;c&#104;<\/a><\/span><\/p>\n<p><a href=\"http:\/\/www.mpseuropa.ch\">www.mpseuropa.ch<\/a>[\/et_pb_text][\/et_pb_column][\/et_pb_row][et_pb_row admin_label=&#8220;Middle East&#8220; _builder_version=&#8220;3.25&#8243;][et_pb_column type=&#8220;4_4&#8243; _builder_version=&#8220;3.25&#8243; custom_padding=&#8220;|||&#8220; custom_padding__hover=&#8220;|||&#8220;][et_pb_text _builder_version=&#8220;3.0.74&#8243;]<\/p>\n<h1>Mittlerer Osten &amp; Nord Afrika<\/h1>\n<p>[\/et_pb_text][\/et_pb_column][\/et_pb_row][et_pb_row custom_padding=&#8220;|20px|0px|20px&#8220; admin_label=&#8220;Munfarid&#8220; _builder_version=&#8220;3.25&#8243; column_structure=&#8220;1_4,3_4&#8243;][et_pb_column type=&#8220;1_4&#8243; _builder_version=&#8220;3.25&#8243; background_size=&#8220;contain&#8220; custom_padding=&#8220;|||&#8220; custom_padding__hover=&#8220;|||&#8220;][et_pb_image src=&#8220;https:\/\/present4d.com\/wp-content\/uploads\/2017\/08\/Logo-Partner-vrxone-munfarid.jpg&#8220; align=&#8220;center&#8220; align_tablet=&#8220;center&#8220; align_last_edited=&#8220;on|desktop&#8220; module_class=&#8220;et_animated&#8220; _builder_version=&#8220;3.23&#8243; animation_style=&#8220;slide&#8220; animation_direction=&#8220;bottom&#8220; animation_duration=&#8220;500ms&#8220; animation_intensity_slide=&#8220;10%&#8220; animation=&#8220;bottom&#8220;][\/et_pb_image][\/et_pb_column][et_pb_column type=&#8220;3_4&#8243; _builder_version=&#8220;3.25&#8243; custom_padding=&#8220;|||&#8220; custom_padding__hover=&#8220;|||&#8220;][et_pb_text _builder_version=&#8220;3.0.74&#8243;]<\/p>\n<h1>Munfarid Consulting SPC.<\/h1>\n<p>Maz Business Center<br \/>\nUnit 2159, Building 2648, Road 5720,<br \/>\nBlock 257, Amwaj Island, Muharraq<\/p>\n<p>Contact: Dr. Sana Farid<br \/>\nPhone: +973 666 56613<br \/>\n<a href=\"&#109;&#x61;&#105;&#x6c;&#116;&#x6f;&#58;&#x69;n&#x66;o&#x40;v&#x72;x&#111;&#x6e;&#101;&#x2e;&#99;&#x6f;&#109;\">&#x69;&#110;&#102;o&#x40;&#x76;&#114;x&#x6f;&#x6e;&#101;&#46;&#x63;&#x6f;&#109;<\/a><\/p>\n<p><a href=\"http:\/\/www.vrxone.com\" target=\"_blank\" rel=\"noopener noreferrer\">www.vrxone.com<\/a><br \/>\n[\/et_pb_text][\/et_pb_column][\/et_pb_row][\/et_pb_section][et_pb_section fb_built=&#8220;1&#8243; admin_label=&#8220;section&#8220; _builder_version=&#8220;3.22.3&#8243; custom_padding=&#8220;0px|||&#8220;][et_pb_row custom_padding=&#8220;30px|0px|0px|0px&#8220; admin_label=&#8220;row&#8220; _builder_version=&#8220;3.25&#8243;][et_pb_column type=&#8220;4_4&#8243; _builder_version=&#8220;3.25&#8243; custom_padding=&#8220;|||&#8220; custom_padding__hover=&#8220;|||&#8220;][et_pb_divider color=&#8220;#efefef&#8220; divider_position=&#8220;center&#8220; divider_weight=&#8220;3px&#8220; disabled_on=&#8220;on|on|off&#8220; _builder_version=&#8220;3.23.4&#8243; height=&#8220;0px&#8220;][\/et_pb_divider][\/et_pb_column][\/et_pb_row][et_pb_row admin_label=&#8220;row&#8220; _builder_version=&#8220;3.25&#8243;][et_pb_column type=&#8220;4_4&#8243; _builder_version=&#8220;3.25&#8243; custom_padding=&#8220;|||&#8220; custom_padding__hover=&#8220;|||&#8220;][et_pb_text _builder_version=&#8220;3.0.74&#8243;]<\/p>\n<h1 style=\"text-align: center;\">Bewerben Sie Sich als Vertriebspartner: <a href=\"&#109;a&#x69;l&#x74;o&#x3a;i&#x6e;&#102;&#x6f;&#64;&#x70;&#114;&#x65;&#115;e&#110;t&#x34;D&#x2e;d&#x65;\">&#105;&#x6e;&#102;&#x6f;&#64;&#112;&#x72;&#101;&#x73;e&#x6e;t&#52;&#x44;&#46;&#x64;e<\/a><\/h1>\n<p>[\/et_pb_text][\/et_pb_column][\/et_pb_row][\/et_pb_section]<\/p>\n","protected":false},"excerpt":{"rendered":"<p>Unser internationales Partner und Distributoren Netzwerk &nbsp; Leistungsumfang Unterst\u00fctzung in Ihrer Muttersprache Durchf\u00fchrung von VR-Suite Trainings Erl\u00e4uterungen zu den Lizenzmodellen Direktverkauf von VR-Suite Lizenzen Bewerben Sie sich als Vertriebspartner: i&#110;&#102;&#111;&#x40;&#x70;&#x72;es&#101;&#110;&#x74;&#x34;&#x44;&#x2e;de [&hellip;]<\/p>\n","protected":false},"author":3,"featured_media":0,"parent":0,"menu_order":0,"comment_status":"closed","ping_status":"closed","template":"","meta":{"_et_pb_use_builder":"on","_et_pb_old_content":"","_et_gb_content_width":""},"acf":[],"_links":{"self":[{"href":"https:\/\/present4d.com\/de\/wp-json\/wp\/v2\/pages\/9309"}],"collection":[{"href":"https:\/\/present4d.com\/de\/wp-json\/wp\/v2\/pages"}],"about":[{"href":"https:\/\/present4d.com\/de\/wp-json\/wp\/v2\/types\/page"}],"author":[{"embeddable":true,"href":"https:\/\/present4d.com\/de\/wp-json\/wp\/v2\/users\/3"}],"replies":[{"embeddable":true,"href":"https:\/\/present4d.com\/de\/wp-json\/wp\/v2\/comments?post=9309"}],"version-history":[{"count":0,"href":"https:\/\/present4d.com\/de\/wp-json\/wp\/v2\/pages\/9309\/revisions"}],"wp:attachment":[{"href":"https:\/\/present4d.com\/de\/wp-json\/wp\/v2\/media?parent=9309"}],"curies":[{"name":"wp","href":"https:\/\/api.w.org\/{rel}","templated":true}]}}