{"id":9289,"date":"2019-07-25T13:07:07","date_gmt":"2019-07-25T11:07:07","guid":{"rendered":"https:\/\/present4d.com\/business-reports-details\/"},"modified":"2020-09-29T12:16:00","modified_gmt":"2020-09-29T10:16:00","slug":"vrbrpricing","status":"publish","type":"page","link":"https:\/\/present4d.com\/de\/vrbrpricing\/","title":{"rendered":"Business Reports Preise"},"content":{"rendered":"<p>[et_pb_section fb_built=&#8220;1&#8243; use_custom_gutter=&#8220;on&#8220; gutter_width=&#8220;2&#8243; specialty=&#8220;on&#8220; padding_top_1=&#8220;0px&#8220; padding_top_2=&#8220;0px&#8220; module_class_1=&#8220;ds-vertical-align&#8220; module_class_2=&#8220;ds-vertical-align&#8220; _builder_version=&#8220;3.22.3&#8243; inner_width=&#8220;90%&#8220; inner_max_width=&#8220;90%&#8220; custom_margin=&#8220;|||&#8220; custom_padding=&#8220;||||false|false&#8220; use_custom_width=&#8220;on&#8220; width_unit=&#8220;off&#8220; custom_width_percent=&#8220;90%&#8220;][et_pb_column type=&#8220;1_3&#8243; _builder_version=&#8220;3.25&#8243; custom_padding=&#8220;|||&#8220; custom_padding__hover=&#8220;|||&#8220;][et_pb_image src=&#8220;https:\/\/present4d.com\/wp-content\/uploads\/2019\/02\/COVER_EDUCATION-TRAINING-E-LEARNING-.jpg&#8220; show_bottom_space=&#8220;off&#8220; align=&#8220;center&#8220; align_tablet=&#8220;center&#8220; align_phone=&#8220;&#8220; align_last_edited=&#8220;on|desktop&#8220; _builder_version=&#8220;3.23&#8243; max_width=&#8220;50%&#8220; module_alignment=&#8220;center&#8220; custom_margin=&#8220;|||&#8220; custom_padding=&#8220;||&#8220; border_radii=&#8220;on|10px|10px|10px|10px&#8220; border_width_all=&#8220;1px&#8220; border_color_all=&#8220;#005a8c&#8220; box_shadow_style=&#8220;preset2&#8243;][\/et_pb_image][\/et_pb_column][et_pb_column type=&#8220;2_3&#8243; specialty_columns=&#8220;2&#8243; _builder_version=&#8220;3.25&#8243; custom_padding=&#8220;|||&#8220; custom_padding__hover=&#8220;|||&#8220;][et_pb_row_inner _builder_version=&#8220;3.25&#8243; custom_margin=&#8220;0px||0px&#8220; custom_padding=&#8220;0px||0px&#8220;][et_pb_column_inner saved_specialty_column_type=&#8220;2_3&#8243; _builder_version=&#8220;3.25&#8243; custom_padding=&#8220;|||&#8220; custom_padding__hover=&#8220;|||&#8220;][et_pb_text module_id=&#8220;contact-box&#8220; _builder_version=&#8220;3.27.4&#8243; text_font=&#8220;||||||||&#8220; text_text_color=&#8220;#ffffff&#8220; text_line_height=&#8220;1.5em&#8220; header_font=&#8220;||||||||&#8220; header_text_color=&#8220;#ffffff&#8220; header_line_height=&#8220;0em&#8220; header_2_font=&#8220;||||||||&#8220; header_2_text_color=&#8220;#ffffff&#8220; header_2_line_height=&#8220;-10px&#8220; background_color=&#8220;#005a8c&#8220; custom_margin=&#8220;|||&#8220; custom_padding=&#8220;0.5em|1em||1em&#8220; border_radii=&#8220;|10px|10px||&#8220;]<\/p>\n<h1>VR-Businessreport (englisch)<\/h1>\n<h2>Schulung, Training &amp; E-Learning<\/h2>\n<p>[\/et_pb_text][\/et_pb_column_inner][\/et_pb_row_inner][et_pb_row_inner _builder_version=&#8220;3.25&#8243; background_color=&#8220;#efefef&#8220; custom_margin=&#8220;||0px&#8220;][et_pb_column_inner saved_specialty_column_type=&#8220;2_3&#8243; _builder_version=&#8220;3.25&#8243; custom_padding=&#8220;|||&#8220; custom_padding__hover=&#8220;|||&#8220;][et_pb_blurb use_icon=&#8220;on&#8220; font_icon=&#8220;%%202%%&#8220; icon_placement=&#8220;left&#8220; use_icon_font_size=&#8220;on&#8220; icon_font_size=&#8220;23px&#8220; _builder_version=&#8220;3.19.15&#8243; header_level=&#8220;h3&#8243; header_font=&#8220;||||||||&#8220; header_text_color=&#8220;#505050&#8243; body_font=&#8220;||||||||&#8220; custom_margin=&#8220;||0px&#8220; custom_padding=&#8220;|||1em&#8220;]Dieser Report richtet sich an Unternehmen und Institutionen, die Ausbildungs- und Weiterbildungsangebote anbieten, erstellen, entwickeln und lehren: Hochschulen im Allgemeinen, E-Learning-Dienstleister, Ausbildungsabteilungen und Agenturen, Schulungszentren in Unternehmen, IT-Abteilungen von Hochschulen und Privatunternehmen, Marketingabteilungen von Universit\u00e4ten[\/et_pb_blurb][et_pb_blurb use_icon=&#8220;on&#8220; font_icon=&#8220;%%202%%&#8220; icon_placement=&#8220;left&#8220; use_icon_font_size=&#8220;on&#8220; icon_font_size=&#8220;23px&#8220; _builder_version=&#8220;3.19.15&#8243; header_level=&#8220;h3&#8243; header_font=&#8220;||||||||&#8220; header_text_color=&#8220;#505050&#8243; body_font=&#8220;||||||||&#8220; custom_margin=&#8220;||0px&#8220; custom_padding=&#8220;|||1em&#8220;]Kundenwertversprechen (Customer Value Proposition)-Analyse der folgenden wichtigen Trends in diesem Industriesegment:<br \/>\n1) VR als erg\u00e4nzendes Instrument zu konventionellen Lernmethoden und -materialien<br \/>\n2) Simulation von praktisch jeder Trainingssituation<br \/>\n3) Standortunabh\u00e4ngige virtuelle Zusammenarbeit zwischen Usern<br \/>\n4) Virtuelle 360\u00b0-Campusf\u00fchrungen[\/et_pb_blurb][et_pb_blurb use_icon=&#8220;on&#8220; font_icon=&#8220;%%202%%&#8220; icon_placement=&#8220;left&#8220; use_icon_font_size=&#8220;on&#8220; icon_font_size=&#8220;23px&#8220; _builder_version=&#8220;3.19.15&#8243; header_level=&#8220;h3&#8243; header_font=&#8220;||||||||&#8220; header_text_color=&#8220;#505050&#8243; body_font=&#8220;||||||||&#8220; custom_margin=&#8220;||0px&#8220; custom_padding=&#8220;|||1em&#8220;]Beschreibung, wie andere Benutzer in diesem Industriesegment VR in ihrem Unternehmen implementiert haben (ca. 150 Referenzen und Links f\u00fcr 10 branchen\u00fcbergreifende Anwendungsf\u00e4lle auf \u00fcber 130 Seiten)[\/et_pb_blurb][\/et_pb_column_inner][\/et_pb_row_inner][et_pb_row_inner _builder_version=&#8220;4.4.2&#8243; custom_margin=&#8220;0px||0px&#8220; custom_padding=&#8220;0|0px|0|0px|false|false&#8220; link_option_url=&#8220;\/en\/produkt\/vr-business-report-education-training-elearning\/&#8220;][et_pb_column_inner saved_specialty_column_type=&#8220;2_3&#8243; _builder_version=&#8220;3.25&#8243; custom_padding=&#8220;||0px|&#8220; custom_padding__hover=&#8220;|||&#8220;][et_pb_text module_id=&#8220;contact-box&#8220; _builder_version=&#8220;4.4.2&#8243; text_font=&#8220;||||||||&#8220; text_line_height=&#8220;1.5em&#8220; header_font=&#8220;||||||||&#8220; header_text_color=&#8220;#ffffff&#8220; header_line_height=&#8220;0.5em&#8220; header_2_font=&#8220;||||||||&#8220; header_2_text_color=&#8220;#ffffff&#8220; background_color=&#8220;#e88d0c&#8220; custom_padding=&#8220;1em||&#8220; border_radii=&#8220;|||10px|10px&#8220;]<\/p>\n<h2 style=\"text-align: center;\"><a href=\"https:\/\/present4d.com\/de\/produkt\/vr-business-report-education-training-elearning\/\">\u20ac 399,-\u00a0 (zzgl. MwSt)\u00a0<\/a><\/h2>\n<p>[\/et_pb_text][\/et_pb_column_inner][\/et_pb_row_inner][\/et_pb_column][\/et_pb_section][et_pb_section fb_built=&#8220;1&#8243; use_custom_gutter=&#8220;on&#8220; gutter_width=&#8220;2&#8243; specialty=&#8220;on&#8220; padding_top_1=&#8220;0px&#8220; padding_top_2=&#8220;0px&#8220; module_class_1=&#8220;ds-vertical-align&#8220; module_class_2=&#8220;ds-vertical-align&#8220; _builder_version=&#8220;3.22.3&#8243; inner_width=&#8220;90%&#8220; inner_max_width=&#8220;90%&#8220; custom_margin=&#8220;||0px|||&#8220; custom_padding=&#8220;||||false|false&#8220; use_custom_width=&#8220;on&#8220; width_unit=&#8220;off&#8220; custom_width_percent=&#8220;90%&#8220;][et_pb_column type=&#8220;1_3&#8243; _builder_version=&#8220;3.25&#8243; custom_padding=&#8220;|||&#8220; custom_padding__hover=&#8220;|||&#8220;][et_pb_image src=&#8220;https:\/\/present4d.com\/wp-content\/uploads\/2018\/12\/COVER_ENERGY-ENVIRONMENT.jpg&#8220; show_bottom_space=&#8220;off&#8220; align=&#8220;center&#8220; align_tablet=&#8220;center&#8220; align_phone=&#8220;&#8220; align_last_edited=&#8220;on|desktop&#8220; _builder_version=&#8220;3.23&#8243; max_width=&#8220;50%&#8220; module_alignment=&#8220;center&#8220; custom_margin=&#8220;|||&#8220; custom_padding=&#8220;||&#8220; border_radii=&#8220;on|10px|10px|10px|10px&#8220; border_width_all=&#8220;1px&#8220; border_color_all=&#8220;#005a8c&#8220; box_shadow_style=&#8220;preset2&#8243;][\/et_pb_image][\/et_pb_column][et_pb_column type=&#8220;2_3&#8243; specialty_columns=&#8220;2&#8243; _builder_version=&#8220;3.25&#8243; custom_padding=&#8220;|||&#8220; custom_padding__hover=&#8220;|||&#8220;][et_pb_row_inner _builder_version=&#8220;3.25&#8243; custom_margin=&#8220;0px||0px&#8220; custom_padding=&#8220;0px||0px&#8220;][et_pb_column_inner saved_specialty_column_type=&#8220;2_3&#8243; _builder_version=&#8220;3.25&#8243; custom_padding=&#8220;|||&#8220; custom_padding__hover=&#8220;|||&#8220;][et_pb_text module_id=&#8220;contact-box&#8220; _builder_version=&#8220;3.27.4&#8243; text_font=&#8220;||||||||&#8220; text_text_color=&#8220;#ffffff&#8220; text_line_height=&#8220;1.5em&#8220; header_font=&#8220;||||||||&#8220; header_text_color=&#8220;#ffffff&#8220; header_line_height=&#8220;0em&#8220; header_2_font=&#8220;||||||||&#8220; header_2_text_color=&#8220;#ffffff&#8220; header_2_line_height=&#8220;-10px&#8220; background_color=&#8220;#005a8c&#8220; custom_margin=&#8220;|||&#8220; custom_padding=&#8220;0.5em|1em||1em&#8220; border_radii=&#8220;|10px|10px||&#8220;]<\/p>\n<h1 style=\"text-align: center;\">VR-Businessreport (englisch)<\/h1>\n<h2 style=\"text-align: center;\">Energie &amp; Umweltschutz<\/h2>\n<p>[\/et_pb_text][\/et_pb_column_inner][\/et_pb_row_inner][et_pb_row_inner _builder_version=&#8220;3.25&#8243; background_color=&#8220;#efefef&#8220; custom_margin=&#8220;||0px&#8220;][et_pb_column_inner saved_specialty_column_type=&#8220;2_3&#8243; _builder_version=&#8220;3.25&#8243; custom_padding=&#8220;|||&#8220; custom_padding__hover=&#8220;|||&#8220;][et_pb_blurb use_icon=&#8220;on&#8220; font_icon=&#8220;%%202%%&#8220; icon_placement=&#8220;left&#8220; use_icon_font_size=&#8220;on&#8220; icon_font_size=&#8220;23px&#8220; _builder_version=&#8220;3.19.15&#8243; header_level=&#8220;h3&#8243; header_font=&#8220;||||||||&#8220; header_text_color=&#8220;#505050&#8243; body_font=&#8220;||||||||&#8220; custom_margin=&#8220;||0px&#8220; custom_padding=&#8220;|||1em&#8220;]Dieser Report richtet sich an Unternehmen, die sich mit dem Thema Energie oder mit umweltfreundlichen resourcenschonenden L\u00f6sungen befassen: Energieunternehmen, \u00d6l- und Petroindustrie, Wasser- und Abfallunternehmen, Unternehmen f\u00fcr erneuerbare Energien, f\u00fcr Nachhaltigkeit zust\u00e4ndige Abteilungen, Politiker, Beh\u00f6rden und Verb\u00e4nde aus dem Energiesektor[\/et_pb_blurb][et_pb_blurb use_icon=&#8220;on&#8220; font_icon=&#8220;%%202%%&#8220; icon_placement=&#8220;left&#8220; use_icon_font_size=&#8220;on&#8220; icon_font_size=&#8220;23px&#8220; _builder_version=&#8220;3.19.15&#8243; header_level=&#8220;h3&#8243; header_font=&#8220;||||||||&#8220; header_text_color=&#8220;#505050&#8243; body_font=&#8220;||||||||&#8220; custom_margin=&#8220;||0px&#8220; custom_padding=&#8220;|||1em&#8220;]Kundenwertversprechen (Customer Value Proposition)-Analyse der folgenden wichtigen Trends in diesem Industriesegment:<br \/>\n1) St\u00e4rkung des Unternehmensimage<br \/>\n2) Prototyping in VR, um Zeit zu sparen und Kosten zu senken<br \/>\n3) VR als Trainingsinstrument[\/et_pb_blurb][et_pb_blurb use_icon=&#8220;on&#8220; font_icon=&#8220;%%202%%&#8220; icon_placement=&#8220;left&#8220; use_icon_font_size=&#8220;on&#8220; icon_font_size=&#8220;23px&#8220; _builder_version=&#8220;3.19.15&#8243; header_level=&#8220;h3&#8243; header_font=&#8220;||||||||&#8220; header_text_color=&#8220;#505050&#8243; body_font=&#8220;||||||||&#8220; custom_margin=&#8220;||0px&#8220; custom_padding=&#8220;|||1em&#8220;]Beschreibung, wie andere Anwender in diesem Industriesegment VR in ihrem Unternehmen implementiert haben (ca. 100 Referenzen und Links f\u00fcr 10 branchen\u00fcbergreifende Anwendungsf\u00e4lle auf ca. 100 Seiten)[\/et_pb_blurb][\/et_pb_column_inner][\/et_pb_row_inner][et_pb_row_inner _builder_version=&#8220;4.4.2&#8243; custom_margin=&#8220;0px||0px&#8220; custom_padding=&#8220;0|0px|0|0px|false|false&#8220; link_option_url=&#8220;\/en\/produkt\/vr-businessreport-ee\/&#8220; hover_enabled=&#8220;0&#8243;][et_pb_column_inner saved_specialty_column_type=&#8220;2_3&#8243; _builder_version=&#8220;3.25&#8243; custom_padding=&#8220;||0px|&#8220; custom_padding__hover=&#8220;|||&#8220;][et_pb_text module_id=&#8220;contact-box&#8220; _builder_version=&#8220;4.4.2&#8243; text_font=&#8220;||||||||&#8220; text_line_height=&#8220;1.5em&#8220; header_font=&#8220;||||||||&#8220; header_text_color=&#8220;#ffffff&#8220; header_line_height=&#8220;0.5em&#8220; header_2_font=&#8220;||||||||&#8220; header_2_text_color=&#8220;#ffffff&#8220; background_color=&#8220;#e88d0c&#8220; custom_padding=&#8220;1em||&#8220; hover_enabled=&#8220;0&#8243; border_radii=&#8220;|||10px|10px&#8220;]<\/p>\n<h2 style=\"text-align: center;\"><a href=\"\/en\/produkt\/vr-businessreport-ee\/\">\u20ac 399,-\u00a0 (excl. VAT)<\/a><\/h2>\n<p>[\/et_pb_text][\/et_pb_column_inner][\/et_pb_row_inner][\/et_pb_column][\/et_pb_section][et_pb_section fb_built=&#8220;1&#8243; use_custom_gutter=&#8220;on&#8220; gutter_width=&#8220;2&#8243; specialty=&#8220;on&#8220; padding_top_1=&#8220;0px&#8220; padding_top_2=&#8220;0px&#8220; module_class_1=&#8220;ds-vertical-align&#8220; module_class_2=&#8220;ds-vertical-align&#8220; _builder_version=&#8220;3.22.3&#8243; inner_width=&#8220;90%&#8220; inner_max_width=&#8220;90%&#8220; custom_margin=&#8220;||72px|&#8220; custom_padding=&#8220;||||false|false&#8220; use_custom_width=&#8220;on&#8220; width_unit=&#8220;off&#8220; custom_width_percent=&#8220;90%&#8220;][et_pb_column type=&#8220;1_3&#8243; _builder_version=&#8220;3.25&#8243; custom_padding=&#8220;|||&#8220; custom_padding__hover=&#8220;|||&#8220;][et_pb_image src=&#8220;https:\/\/present4d.com\/wp-content\/uploads\/2019\/04\/COVER_PUBLIC-SAFETY&#8211;scaled.jpg&#8220; show_bottom_space=&#8220;off&#8220; align=&#8220;center&#8220; align_tablet=&#8220;center&#8220; align_phone=&#8220;&#8220; align_last_edited=&#8220;on|desktop&#8220; _builder_version=&#8220;3.24.1&#8243; max_width=&#8220;50%&#8220; module_alignment=&#8220;center&#8220; custom_margin=&#8220;|||&#8220; custom_padding=&#8220;||&#8220; border_radii=&#8220;on|10px|10px|10px|10px&#8220; border_width_all=&#8220;1px&#8220; border_color_all=&#8220;#005a8c&#8220; box_shadow_style=&#8220;preset2&#8243;][\/et_pb_image][\/et_pb_column][et_pb_column type=&#8220;2_3&#8243; specialty_columns=&#8220;2&#8243; _builder_version=&#8220;3.25&#8243; custom_padding=&#8220;|||&#8220; custom_padding__hover=&#8220;|||&#8220;][et_pb_row_inner _builder_version=&#8220;3.25&#8243; custom_margin=&#8220;0px||0px&#8220; custom_padding=&#8220;0px||0px&#8220;][et_pb_column_inner saved_specialty_column_type=&#8220;2_3&#8243; _builder_version=&#8220;3.25&#8243; custom_padding=&#8220;|||&#8220; custom_padding__hover=&#8220;|||&#8220;][et_pb_text module_id=&#8220;contact-box&#8220; _builder_version=&#8220;3.27.4&#8243; text_font=&#8220;||||||||&#8220; text_text_color=&#8220;#ffffff&#8220; text_line_height=&#8220;1.5em&#8220; header_font=&#8220;||||||||&#8220; header_text_color=&#8220;#ffffff&#8220; header_line_height=&#8220;0em&#8220; header_2_font=&#8220;||||||||&#8220; header_2_text_color=&#8220;#ffffff&#8220; header_2_line_height=&#8220;-10px&#8220; background_color=&#8220;#005a8c&#8220; custom_margin=&#8220;|||&#8220; custom_padding=&#8220;0.5em|1em||1em&#8220; border_radii=&#8220;|10px|10px||&#8220;]<\/p>\n<h1>VR-Businessreport (englisch)<\/h1>\n<h2>Public Safety (\u00d6ffentliche Sicherheit)<\/h2>\n<p>[\/et_pb_text][\/et_pb_column_inner][\/et_pb_row_inner][et_pb_row_inner _builder_version=&#8220;3.25&#8243; background_color=&#8220;#efefef&#8220; custom_margin=&#8220;||0px&#8220;][et_pb_column_inner saved_specialty_column_type=&#8220;2_3&#8243; _builder_version=&#8220;3.25&#8243; custom_padding=&#8220;|||&#8220; custom_padding__hover=&#8220;|||&#8220;][et_pb_blurb use_icon=&#8220;on&#8220; font_icon=&#8220;%%202%%&#8220; icon_placement=&#8220;left&#8220; use_icon_font_size=&#8220;on&#8220; icon_font_size=&#8220;23px&#8220; _builder_version=&#8220;3.24.1&#8243; header_level=&#8220;h3&#8243; header_font=&#8220;||||||||&#8220; header_text_color=&#8220;#505050&#8243; body_font=&#8220;||||||||&#8220; custom_margin=&#8220;||0px&#8220; custom_padding=&#8220;|||1em&#8220;]Dieser Report wurde f\u00fcr Unternehmen erstellt, die im Bereich der \u00f6ffentlichen Sicherheit t\u00e4tig sind, mit den Aufgaben, das Sicherheitsbewusstsein zu sch\u00e4rfen, die Sicherheitsvorbereitung zu verbessern, Personen oder Bereiche und Veranstaltungsorte zu sch\u00fctzen, neue innovative Werkzeuge und Ger\u00e4te anzubieten oder Bedrohungen zu dokumentieren und zu bewerten. Prim\u00e4res Ziel ist es, Personen und die \u00d6ffentlichkeit vor Gefahren zu sch\u00fctzen.<br \/>\n[\/et_pb_blurb][et_pb_blurb use_icon=&#8220;on&#8220; font_icon=&#8220;%%202%%&#8220; icon_placement=&#8220;left&#8220; use_icon_font_size=&#8220;on&#8220; icon_font_size=&#8220;23px&#8220; _builder_version=&#8220;3.24.1&#8243; header_level=&#8220;h3&#8243; header_font=&#8220;||||||||&#8220; header_text_color=&#8220;#505050&#8243; body_font=&#8220;||||||||&#8220; custom_margin=&#8220;||0px&#8220; custom_padding=&#8220;|||1em&#8220;]Folgende Unternehmen und Institutionen sind angesprochen:<br \/>\nErsthelfer (z.B. Polizei, Feuerwehr), Regierungsorganisationen (z.B. Justiz-, Geheim- und Sicherheitsdienste), Schulen und Universit\u00e4ten, Flugh\u00e4fen, Sport- und Veranstaltungsorganisationen, medizinische Dienste und Forensik, Ger\u00e4tehersteller (z.B. Smart Homes oder Check-Points)<br \/>\n[\/et_pb_blurb][et_pb_blurb use_icon=&#8220;on&#8220; font_icon=&#8220;%%202%%&#8220; icon_placement=&#8220;left&#8220; use_icon_font_size=&#8220;on&#8220; icon_font_size=&#8220;23px&#8220; _builder_version=&#8220;3.24.1&#8243; header_level=&#8220;h3&#8243; header_font=&#8220;||||||||&#8220; header_text_color=&#8220;#505050&#8243; body_font=&#8220;||||||||&#8220; custom_margin=&#8220;||0px&#8220; custom_padding=&#8220;|||1em&#8220;]Analyse des Kundenwertversprechens (Customer Value Proposition) der folgenden Haupttrends in diesem Industriesegment:<br \/>\n1) Schulung des Personals in VR-Simulationen<br \/>\n2) Dokumentation und forensische Analyse von Vorf\u00e4llen mittels VR-Technologie<br \/>\n3) Koordinierung laufender Operationen der \u00f6ffentlichen Sicherheit<br \/>\n4) F &amp; E von Ger\u00e4ten in virtuellen Szenarien<br \/>\n[\/et_pb_blurb][\/et_pb_column_inner][\/et_pb_row_inner][et_pb_row_inner _builder_version=&#8220;4.4.2&#8243; custom_margin=&#8220;0px||0px&#8220; custom_padding=&#8220;0|0px|0|0px|false|false&#8220; link_option_url=&#8220;\/en\/produkt\/vr-businessreport-ps\/&#8220; hover_enabled=&#8220;0&#8243;][et_pb_column_inner saved_specialty_column_type=&#8220;2_3&#8243; _builder_version=&#8220;3.25&#8243; custom_padding=&#8220;||0px|&#8220; custom_padding__hover=&#8220;|||&#8220;][et_pb_text module_id=&#8220;contact-box&#8220; _builder_version=&#8220;4.4.2&#8243; text_font=&#8220;||||||||&#8220; text_line_height=&#8220;1.5em&#8220; header_font=&#8220;||||||||&#8220; header_text_color=&#8220;#ffffff&#8220; header_line_height=&#8220;0.5em&#8220; header_2_font=&#8220;||||||||&#8220; header_2_text_color=&#8220;#ffffff&#8220; background_color=&#8220;#e88d0c&#8220; custom_padding=&#8220;1em||&#8220; hover_enabled=&#8220;0&#8243; border_radii=&#8220;|||10px|10px&#8220;]<\/p>\n<h2 style=\"text-align: center;\"><a href=\"\/en\/produkt\/vr-businessreport-ee\/\/\">\u20ac 399,-\u00a0 (excl. VAT)<\/a><\/h2>\n<p>[\/et_pb_text][\/et_pb_column_inner][\/et_pb_row_inner][\/et_pb_column][\/et_pb_section]<\/p>\n","protected":false},"excerpt":{"rendered":"<p>VR-Businessreport (englisch) Schulung, Training &amp; E-LearningDieser Report richtet sich an Unternehmen und Institutionen, die Ausbildungs- und Weiterbildungsangebote anbieten, erstellen, entwickeln und lehren: Hochschulen im Allgemeinen, E-Learning-Dienstleister, Ausbildungsabteilungen und Agenturen, Schulungszentren [&hellip;]<\/p>\n","protected":false},"author":15,"featured_media":0,"parent":0,"menu_order":0,"comment_status":"closed","ping_status":"closed","template":"","meta":{"_et_pb_use_builder":"on","_et_pb_old_content":"","_et_gb_content_width":""},"acf":[],"_links":{"self":[{"href":"https:\/\/present4d.com\/de\/wp-json\/wp\/v2\/pages\/9289"}],"collection":[{"href":"https:\/\/present4d.com\/de\/wp-json\/wp\/v2\/pages"}],"about":[{"href":"https:\/\/present4d.com\/de\/wp-json\/wp\/v2\/types\/page"}],"author":[{"embeddable":true,"href":"https:\/\/present4d.com\/de\/wp-json\/wp\/v2\/users\/15"}],"replies":[{"embeddable":true,"href":"https:\/\/present4d.com\/de\/wp-json\/wp\/v2\/comments?post=9289"}],"version-history":[{"count":4,"href":"https:\/\/present4d.com\/de\/wp-json\/wp\/v2\/pages\/9289\/revisions"}],"predecessor-version":[{"id":16508,"href":"https:\/\/present4d.com\/de\/wp-json\/wp\/v2\/pages\/9289\/revisions\/16508"}],"wp:attachment":[{"href":"https:\/\/present4d.com\/de\/wp-json\/wp\/v2\/media?parent=9289"}],"curies":[{"name":"wp","href":"https:\/\/api.w.org\/{rel}","templated":true}]}}