{"id":12310,"date":"2019-10-18T11:13:44","date_gmt":"2019-10-18T09:13:44","guid":{"rendered":"https:\/\/present4d.com\/?page_id=12310"},"modified":"2019-10-18T12:37:30","modified_gmt":"2019-10-18T10:37:30","slug":"business-report-free-version","status":"publish","type":"page","link":"https:\/\/present4d.com\/de\/business-report-free-version\/","title":{"rendered":"Business Report Free Version"},"content":{"rendered":"<p>[et_pb_section fb_built=&#8220;1&#8243; admin_label=&#8220;section&#8220; _builder_version=&#8220;3.22&#8243; fb_built=&#8220;1&#8243; _i=&#8220;0&#8243; _address=&#8220;0&#8243;][et_pb_row _builder_version=&#8220;3.25&#8243; _i=&#8220;0&#8243; _address=&#8220;0.0&#8243; custom_padding=&#8220;||0px|||&#8220;][et_pb_column type=&#8220;4_4&#8243; _builder_version=&#8220;3.25&#8243; custom_padding=&#8220;|||&#8220; custom_padding__hover=&#8220;|||&#8220; _i=&#8220;0&#8243; _address=&#8220;0.0.0&#8243;][et_pb_text _builder_version=&#8220;3.27.4&#8243; _i=&#8220;0&#8243; _address=&#8220;0.0.0.0&#8243;]<\/p>\n<h1>Laden Sie eine kostenlose Vorschau des VR-Businessreports herunter.<\/h1>\n<p>[\/et_pb_text][\/et_pb_column][\/et_pb_row][et_pb_row column_structure=&#8220;1_2,1_2&#8243; _builder_version=&#8220;3.29.3&#8243; _i=&#8220;1&#8243; _address=&#8220;0.1&#8243; custom_padding=&#8220;0px|||||&#8220;][et_pb_column type=&#8220;1_2&#8243; _builder_version=&#8220;3.29.3&#8243; _i=&#8220;0&#8243; _address=&#8220;0.1.0&#8243;][et_pb_image src=&#8220;https:\/\/present4d.com\/wp-content\/uploads\/2019\/02\/VR-Business-Report.png&#8220; _builder_version=&#8220;3.29.3&#8243; _i=&#8220;0&#8243; _address=&#8220;0.1.0.0&#8243;][\/et_pb_image][\/et_pb_column][et_pb_column type=&#8220;1_2&#8243; _builder_version=&#8220;3.29.3&#8243; _i=&#8220;1&#8243; _address=&#8220;0.1.1&#8243;][et_pb_text _builder_version=&#8220;3.29.3&#8243; _i=&#8220;0&#8243; _address=&#8220;0.1.1.0&#8243;]<script src='https:\/\/crm.zoho.eu\/crm\/WebFormServeServlet?rid=1a111ae340afb33c90c53e5b76e676e790ae658d40ec0cec007541d8a3fcc898gid6a0445a9ff00e12d39b7c1ecac528f6b53dce22fef5018a164ad50d270e3cf4d&#038;script=$sYG'><\/script>[\/et_pb_text][\/et_pb_column][\/et_pb_row][et_pb_row column_structure=&#8220;1_2,1_2&#8243; _builder_version=&#8220;3.29.3&#8243; _i=&#8220;2&#8243; _address=&#8220;0.2&#8243;][et_pb_column type=&#8220;1_2&#8243; _builder_version=&#8220;3.29.3&#8243; _i=&#8220;0&#8243; _address=&#8220;0.2.0&#8243;][et_pb_image src=&#8220;https:\/\/present4d.com\/wp-content\/uploads\/2019\/09\/Mobile-Background-2.jpg&#8220; _builder_version=&#8220;3.29.3&#8243; _i=&#8220;0&#8243; _address=&#8220;0.2.0.0&#8243;][\/et_pb_image][\/et_pb_column][et_pb_column type=&#8220;1_2&#8243; _builder_version=&#8220;3.29.3&#8243; _i=&#8220;1&#8243; _address=&#8220;0.2.1&#8243;][et_pb_text _builder_version=&#8220;3.29.3&#8243; _i=&#8220;0&#8243; _address=&#8220;0.2.1.0&#8243;]<\/p>\n<h1>M\u00f6chten Sie Ihre eigene Virtual Reality Pr\u00e4sentation kostenlos erstellen?<\/h1>\n<h3>Verbinden Sie 360\u00b0-Fotos, 360\u00b0-Videos und Multimedia zu einer professionellen VR-Pr\u00e4sentation!<\/h3>\n<div class=\"et_pb_module et_pb_text et_pb_text_1 et_pb_bg_layout_light et_pb_text_align_left\">\n<div class=\"et_pb_text_inner\">\n<p>Die VR-Suite ist eine professionelle Softwarel\u00f6sung f\u00fcr die Erstellung und Wiedergabe von 360\u00b0-basierten VR-Pr\u00e4sentationen. Die Pr\u00e4sentationen k\u00f6nnen \u00fcber die Desktopanwendung, per App oder auch nach einem HTML Export als Webversion in jedem beliebigen Browser betrachtet werden. Durch die Benutzerfreundlichkeit werden Sie im Handumdrehen zum VR-Pr\u00e4sentations-Experten.<\/p>\n<h3 style=\"color: #005a8c;\">Zielgruppen:<\/h3>\n<ul>\n<li>Agenturen<\/li>\n<li>360\u00b0 Content-Produzenten<\/li>\n<li>Industriekunden<\/li>\n<li>Schulen, Trainingszentren, Universit\u00e4ten<\/li>\n<li>Anbieter im Bereich \u00d6ffentliche Sicherheit<\/li>\n<li>Architekten<\/li>\n<li>Anlagen- &#038; Maschinenbauer<\/li>\n<li>Viele mehr\u2026<\/li>\n<\/ul>\n<\/div>\n<\/div>\n<p>[\/et_pb_text][et_pb_button button_url=&#8220;https:\/\/present4d.com\/de\/vr-suite\/&#8220; button_text=&#8220;Mehr erfahren&#8220; _builder_version=&#8220;3.29.3&#8243; _i=&#8220;1&#8243; _address=&#8220;0.2.1.1&#8243;][\/et_pb_button][\/et_pb_column][\/et_pb_row][\/et_pb_section][et_pb_section fb_built=&#8220;1&#8243; admin_label=&#8220;section&#8220; _builder_version=&#8220;3.22&#8243; background_color=&#8220;#005a8c&#8220; custom_padding=&#8220;0px|0px|0px|0px&#8220; fb_built=&#8220;1&#8243; _i=&#8220;1&#8243; _address=&#8220;1&#8243;][\/et_pb_section]<\/p>\n","protected":false},"excerpt":{"rendered":"<p>Laden Sie eine kostenlose Vorschau des VR-Businessreports herunter.M\u00f6chten Sie Ihre eigene Virtual Reality Pr\u00e4sentation kostenlos erstellen? Verbinden Sie 360\u00b0-Fotos, 360\u00b0-Videos und Multimedia zu einer professionellen VR-Pr\u00e4sentation! Die VR-Suite ist eine [&hellip;]<\/p>\n","protected":false},"author":15,"featured_media":0,"parent":0,"menu_order":0,"comment_status":"closed","ping_status":"closed","template":"","meta":{"_et_pb_use_builder":"on","_et_pb_old_content":"","_et_gb_content_width":""},"acf":[],"_links":{"self":[{"href":"https:\/\/present4d.com\/de\/wp-json\/wp\/v2\/pages\/12310"}],"collection":[{"href":"https:\/\/present4d.com\/de\/wp-json\/wp\/v2\/pages"}],"about":[{"href":"https:\/\/present4d.com\/de\/wp-json\/wp\/v2\/types\/page"}],"author":[{"embeddable":true,"href":"https:\/\/present4d.com\/de\/wp-json\/wp\/v2\/users\/15"}],"replies":[{"embeddable":true,"href":"https:\/\/present4d.com\/de\/wp-json\/wp\/v2\/comments?post=12310"}],"version-history":[{"count":0,"href":"https:\/\/present4d.com\/de\/wp-json\/wp\/v2\/pages\/12310\/revisions"}],"wp:attachment":[{"href":"https:\/\/present4d.com\/de\/wp-json\/wp\/v2\/media?parent=12310"}],"curies":[{"name":"wp","href":"https:\/\/api.w.org\/{rel}","templated":true}]}}