{"id":10916,"date":"2019-08-20T13:22:59","date_gmt":"2019-08-20T11:22:59","guid":{"rendered":"https:\/\/present4d.com\/lizenzen\/"},"modified":"2020-04-13T14:11:59","modified_gmt":"2020-04-13T12:11:59","slug":"licenses","status":"publish","type":"page","link":"https:\/\/present4d.com\/de\/licenses\/","title":{"rendered":"Lizenzen"},"content":{"rendered":"<p>[et_pb_section fb_built=&#8220;1&#8243; _builder_version=&#8220;3.26.3&#8243;][et_pb_row _builder_version=&#8220;3.26.3&#8243; custom_padding=&#8220;||0px|||&#8220;][et_pb_column type=&#8220;4_4&#8243; _builder_version=&#8220;3.26.3&#8243;][et_pb_text _builder_version=&#8220;3.27.4&#8243; custom_padding=&#8220;2px|||||&#8220;]<\/p>\n<h1>Add-Ons:<\/h1>\n<p>[\/et_pb_text][\/et_pb_column][\/et_pb_row][et_pb_row _builder_version=&#8220;3.26.3&#8243; custom_padding=&#8220;0px||0px|||&#8220;][et_pb_column type=&#8220;4_4&#8243; _builder_version=&#8220;3.26.3&#8243;][et_pb_code _builder_version=&#8220;3.26.3&#8243;]\n<table id=\"tablepress-2\" class=\"tablepress tablepress-id-2 tablepress-responsive\">\n<thead>\n<tr class=\"row-1 odd\">\n\t<th class=\"column-1\"><\/th><th class=\"column-2\">Rent Version<\/th><th class=\"column-3\">Purchase Version<\/th>\n<\/tr>\n<\/thead>\n<tbody>\n<tr class=\"row-2 even\">\n\t<td class=\"column-1\">Additional Project-Portal*<\/td><td class=\"column-2\">995\u20ac Once<\/td><td class=\"column-3\">995\u20ac Once<\/td>\n<\/tr>\n<tr class=\"row-3 odd\">\n\t<td class=\"column-1\">Web-Export Module**<\/td><td class=\"column-2\">395\u20ac Once \/ 50\u20ac Monthly extra<\/td><td class=\"column-3\">995\u20ac Once<\/td>\n<\/tr>\n<tr class=\"row-4 even\">\n\t<td class=\"column-1\">Additional Editor Workspaces<\/td><td class=\"column-2\">Contact Us<\/td><td class=\"column-3\">Contact Us<\/td>\n<\/tr>\n<\/tbody>\n<\/table>\n<!-- #tablepress-2 from cache -->[\/et_pb_code][\/et_pb_column][\/et_pb_row][et_pb_row _builder_version=&#8220;3.26.3&#8243; custom_padding=&#8220;0px|||||&#8220;][et_pb_column type=&#8220;4_4&#8243; _builder_version=&#8220;3.26.3&#8243;][et_pb_text _builder_version=&#8220;3.27.4&#8243; custom_margin=&#8220;1px|||||&#8220;]* Ein Projektportal ist eine Untereinheit der Hauptlizenz und dient der Trennung von Projekten (z.B. f\u00fcr verschiedene Zielgruppen) und ist somit an eine bestehende Lizenz gebunden &#8211;&gt; Verwaltung und Verarbeitung unterliegen der Hauptlizenz.<\/p>\n<p>** Voraussetzung f\u00fcr die Aktivierung eines Moduls ist der aktuelle Status der present4D VR Suite, d.h. es muss ein aktives Updateintervall vorhanden sein. Wenn Sie die HTML-Seite auf unseren Servern hosten m\u00f6chten, kontaktieren Sie uns bitte. Eine Auflistung aller Funktionen aus der VR-Suite, die das Web-Export Modul exportieren kann finden Sie\u00a0<a href=\"https:\/\/present4d.com\/de\/license-terms\/\">hier<\/a> unter Punkt 6. Web-Export.[\/et_pb_text][\/et_pb_column][\/et_pb_row][et_pb_row _builder_version=&#8220;3.26.3&#8243; custom_padding=&#8220;||0px|||&#8220;][et_pb_column type=&#8220;4_4&#8243; _builder_version=&#8220;3.26.3&#8243;][et_pb_text _builder_version=&#8220;3.27.4&#8243; custom_padding=&#8220;2px|||||&#8220;]<\/p>\n<h1>Updates\/Upgrades Erweiterungen:<\/h1>\n<p>[\/et_pb_text][\/et_pb_column][\/et_pb_row][et_pb_row _builder_version=&#8220;3.26.3&#8243; custom_padding=&#8220;0px||0px|||&#8220;][et_pb_column type=&#8220;4_4&#8243; _builder_version=&#8220;3.26.3&#8243;][et_pb_code _builder_version=&#8220;3.26.3&#8243;]\n<table id=\"tablepress-3\" class=\"tablepress tablepress-id-3 tablepress-responsive\">\n<thead>\n<tr class=\"row-1 odd\">\n\t<th class=\"column-1\"><\/th><th class=\"column-2\">Rent Version<\/th><th class=\"column-3\">Purchase Version<\/th>\n<\/tr>\n<\/thead>\n<tbody>\n<tr class=\"row-2 even\">\n\t<td class=\"column-1\">Updates Basic Software***<\/td><td class=\"column-2\">Included<\/td><td class=\"column-3\">995\u20ac per year<\/td>\n<\/tr>\n<tr class=\"row-3 odd\">\n\t<td class=\"column-1\">Updates Basic Software + Web-Export Module****<\/td><td class=\"column-2\">Included in the rent price<\/td><td class=\"column-3\">1190\u20ac per year<\/td>\n<\/tr>\n<tr class=\"row-4 even\">\n\t<td class=\"column-1\">Version Upgrade (After Update Break)<\/td><td class=\"column-2\">Included<\/td><td class=\"column-3\">Contact Us<\/td>\n<\/tr>\n<\/tbody>\n<\/table>\n<!-- #tablepress-3 from cache -->[\/et_pb_code][\/et_pb_column][\/et_pb_row][et_pb_row _builder_version=&#8220;3.26.3&#8243; custom_padding=&#8220;0px|||||&#8220;][et_pb_column type=&#8220;4_4&#8243; _builder_version=&#8220;3.26.3&#8243;][et_pb_text _builder_version=&#8220;3.27.4&#8243;]***Updates k\u00f6nnen nur f\u00fcr alle erworbenen Funktionen, einschlie\u00dflich aller Module, gebucht werden. Update-Erweiterungen sind direkt mit einem bestehenden Intervall verbunden oder starten sofort, wenn dieses Intervall bereits abgelaufen ist.<\/p>\n<p>****Die Laufzeiten f\u00fcr Updates einzelner Module (z.B. html-Exporter) sind mit dem bestehenden Updateintervall der Basissoftware verkn\u00fcpft. Beispiel: noch 6 Monate Updateintervall sind verf\u00fcgbar und ein Web-Export Modul wird gekauft, dann ist der Updateintervall f\u00fcr dieses Modul auch noch 6 Monate g\u00fcltig.[\/et_pb_text][\/et_pb_column][\/et_pb_row][et_pb_row _builder_version=&#8220;3.26.3&#8243; custom_padding=&#8220;||0px|||&#8220;][et_pb_column type=&#8220;4_4&#8243; _builder_version=&#8220;3.26.3&#8243;][et_pb_text _builder_version=&#8220;4.0.6&#8243;]<\/p>\n<h1>Hosting Packages Enterprise Server:<\/h1>\n<p>[\/et_pb_text][\/et_pb_column][\/et_pb_row][et_pb_row _builder_version=&#8220;3.26.3&#8243; custom_padding=&#8220;0px||0px|||&#8220;][et_pb_column type=&#8220;4_4&#8243; _builder_version=&#8220;3.26.3&#8243;][et_pb_code _builder_version=&#8220;3.26.3&#8243;]\n<table id=\"tablepress-1\" class=\"tablepress tablepress-id-1 tablepress-responsive\">\n<thead>\n<tr class=\"row-1 odd\">\n\t<th class=\"column-1\"><\/th><th class=\"column-2\">Package 1<\/th><th class=\"column-3\">Package 2<\/th><th class=\"column-4\">Package 3<\/th><th class=\"column-5\">Package Pro<\/th>\n<\/tr>\n<\/thead>\n<tbody>\n<tr class=\"row-2 even\">\n\t<td class=\"column-1\">Projects<\/td><td class=\"column-2\">20<\/td><td class=\"column-3\">25<\/td><td class=\"column-4\">25<\/td><td class=\"column-5\">Individual<\/td>\n<\/tr>\n<tr class=\"row-3 odd\">\n\t<td class=\"column-1\">Max. Projectsize<\/td><td class=\"column-2\">1GB<\/td><td class=\"column-3\">2GB<\/td><td class=\"column-4\">4GB<\/td><td class=\"column-5\">4GB<\/td>\n<\/tr>\n<tr class=\"row-4 even\">\n\t<td class=\"column-1\">Traffic per Month <\/td><td class=\"column-2\">250GB<\/td><td class=\"column-3\">500GB<\/td><td class=\"column-4\">1000GB<\/td><td class=\"column-5\">Individual for your traffic<\/td>\n<\/tr>\n<tr class=\"row-5 odd\">\n\t<td class=\"column-1\">Project Downloads per Month (Avarage Projectsize 350MB) <\/td><td class=\"column-2\">715 Downloads<\/td><td class=\"column-3\">1425 Downloads<\/td><td class=\"column-4\">2850 Downloads<\/td><td class=\"column-5\">Individual<\/td>\n<\/tr>\n<\/tbody>\n<tfoot>\n<tr class=\"row-6 even\">\n\t<th class=\"column-1\">Cost per month during lease period \/ Cost per year for purchase version*****<\/th><th class=\"column-2\">0\u20ac \/ 360\u20ac<\/th><th class=\"column-3\">30\u20ac \/ 720\u20ac<\/th><th class=\"column-4\">90\u20ac \/ 1440\u20ac<\/th><th class=\"column-5\">Individual<\/th>\n<\/tr>\n<\/tfoot>\n<\/table>\n<!-- #tablepress-1 from cache -->[\/et_pb_code][\/et_pb_column][\/et_pb_row][et_pb_row _builder_version=&#8220;3.26.3&#8243; custom_padding=&#8220;0px|||||&#8220;][et_pb_column type=&#8220;4_4&#8243; _builder_version=&#8220;3.26.3&#8243;][et_pb_text _builder_version=&#8220;3.27.4&#8243;]*****Nach Ablauf des Hosting-Intervalls\/der Miete werden alle Cloud-Daten gel\u00f6scht. Hosting-Pakete werden direkt mit einem bestehenden Intervall verbunden oder starten sofort, wenn dieses Intervall bereits abgelaufen ist. Hosting-Paketerweiterungen sind an das bestehende Hosting-Intervall der Basissoftware gebunden. Beispiel: Es stehen noch 9 Monate Hostingintervall Paket 1 zur Verf\u00fcgung und es erfolgt eine Erweiterung zu Paket 2, dann ist die Laufzeit dieser Erweiterung auch f\u00fcr 9 Monate g\u00fcltig, dann mit dem entsprechend h\u00f6heren Preis. Wir behalten uns das Recht vor, eine Preisanpassung der Hosting-Pakete aufgrund einer Tarifanpassung des Hosting-Dienstleisters vorzunehmen.[\/et_pb_text][\/et_pb_column][\/et_pb_row][et_pb_row _builder_version=&#8220;3.26.3&#8243;][et_pb_column type=&#8220;4_4&#8243; _builder_version=&#8220;3.26.3&#8243;][et_pb_text _builder_version=&#8220;3.27.4&#8243;]<\/p>\n<h1>Spezielles Long Term Hosting:<\/h1>\n<p>Keine aktive Mietlizenz mehr und die Projekte sollen weiterhin online bleiben: Nutzen Sie Langzeit-Hosting-Pakete (Mindestdauer 1 Jahr). Preise auf Anfrage.[\/et_pb_text][\/et_pb_column][\/et_pb_row][\/et_pb_section][et_pb_section fb_built=&#8220;1&#8243; _builder_version=&#8220;3.22&#8243; custom_padding=&#8220;0px||&#8220; locked=&#8220;off&#8220;][et_pb_row admin_label=&#8220;row&#8220; _builder_version=&#8220;3.25&#8243; background_color=&#8220;#005a8c&#8220; custom_margin=&#8220;||0px|&#8220; custom_padding=&#8220;25px||20px|30px&#8220;][et_pb_column type=&#8220;4_4&#8243; _builder_version=&#8220;3.25&#8243; custom_padding=&#8220;||0px|&#8220; custom_padding__hover=&#8220;|||&#8220;][et_pb_text _builder_version=&#8220;3.27.4&#8243; custom_margin=&#8220;|||&#8220; custom_padding=&#8220;|||&#8220;]<\/p>\n<h1 style=\"text-align: left;\"><span style=\"color: #ffffff;\">\u00a0VR-Suite Lizenz Details<br \/>\n<\/span><\/h1>\n<p>[\/et_pb_text][\/et_pb_column][\/et_pb_row][et_pb_row column_structure=&#8220;2_3,1_3&#8243; _builder_version=&#8220;3.25&#8243; custom_margin=&#8220;|||&#8220; custom_padding=&#8220;|||&#8220;][et_pb_column type=&#8220;2_3&#8243; _builder_version=&#8220;3.25&#8243; custom_padding=&#8220;|||&#8220; custom_padding__hover=&#8220;|||&#8220;][et_pb_text _builder_version=&#8220;3.27.4&#8243;]<\/p>\n<h3>Lizenz<\/h3>\n<ul>\n<li>Die Lizenz gilt f\u00fcr einen gewerblichen Endkunden zur Eigennutzung.<\/li>\n<li>VR-Projekte d\u00fcrfen nur unentgeltlich an Dritte weitergegeben werden.<\/li>\n<li>Agenturen k\u00f6nnen die Lizenz nutzen, um Auftragsarbeiten (kommerzielle Projekte) f\u00fcr ihre Agenturkunden auszuf\u00fchren.<\/li>\n<li>Der Vertrieb von standardisierten Produkten auf Basis der VR-Suite (z.B. Schulungen, Panoramaportal o.\u00e4.), die viele Endkunden einzeln bezahlen m\u00fcssen, ist in der Lizenz nicht erlaubt. Siehe &#8222;Produktlizenz&#8220;.<\/li>\n<\/ul>\n<h3>Logo und Project Portals<\/h3>\n<ul>\n<li>The lizenz beeinhaltet ein project portal.<\/li>\n<li>Das Logo des Projektportals kann ausgetauscht werden. Das gleiche Logo wird im iMenu angezeigt.<\/li>\n<li>Es kann nur ein Logo pro Projektportal gleichzeitig integriert werden.<\/li>\n<li>Beim Start eines Projekts kann ein anderes Logo angezeigt werden: &#8220; Splash Screen&#8220;<\/li>\n<li>Endkunden k\u00f6nnen zus\u00e4tzliche Projektportale erwerben, um bestimmte Projekte f\u00fcr verschiedene Zielgruppen zug\u00e4nglich zu machen, z.B. separate Portale f\u00fcr: &#8222;Onboarding&#8220;, &#8222;Entwicklungsabteilung&#8220; &amp; &#8222;Marketing&#8220;.<\/li>\n<li>Agenturen k\u00f6nnen zus\u00e4tzliche Projektportale erwerben, so dass jeder Agenturkunde nur seine eigenen Projekte und Logos sehen kann.<\/li>\n<li>Agenturen k\u00f6nnen auch Volllizenzen f\u00fcr ihre Kunden kaufen, wenn der Agenturkunde die Projekte selbst pflegen m\u00f6chte. Die Lizenz muss dann auf dem Agenturkunden eingetragen werden.<\/li>\n<\/ul>\n<h3>Arbeitspl\u00e4tze &amp; Ger\u00e4te<\/h3>\n<ul>\n<li>Verwenden Sie die Lizenz auf bis zu zwei PCs, um Projekte zu erstellen.<\/li>\n<li>Pr\u00e4sentieren Sie auf beliebig vielen Ger\u00e4ten, auch nach Ablauf des Vertrages.<\/li>\n<\/ul>\n<h3>Vertragsende<\/h3>\n<ul>\n<li>Alle vorhandenen Pr\u00e4sentationen k\u00f6nnen weiterverwendet werden.<\/li>\n<li>Der angegebene Cloud-Server-Speicher wird nach Ablauf des Vertrages gel\u00f6scht.<\/li>\n<li><strong>Miet Lizenz<\/strong>: Es k\u00f6nnen keine neuen 360\u00b0-Standorte hinzugef\u00fcgt werden. Alle Projekte, die bereits auf Ger\u00e4te geladen wurden, k\u00f6nnen weiter betrachtet werden.<\/li>\n<li><strong>Kauf Lizenz<\/strong>: Neue 360\u00b0-Standorte k\u00f6nnen weiterhin hinzugef\u00fcgt werden.<\/li>\n<li>Es besteht kein Anspruch auf Updates und Support.<\/li>\n<\/ul>\n<p>[\/et_pb_text][\/et_pb_column][et_pb_column type=&#8220;1_3&#8243; _builder_version=&#8220;3.25&#8243; custom_padding=&#8220;|||&#8220; custom_padding__hover=&#8220;|||&#8220;][et_pb_text _builder_version=&#8220;3.27.4&#8243;]<\/p>\n<h3>VR-Suite Miete<\/h3>\n<ul>\n<li>Netto \u20ac 199,- \/ Monat*<\/li>\n<li>Mindestvertragslaufzeit = 5 Monate<\/li>\n<li>Monatlich k\u00fcndbar<\/li>\n<\/ul>\n<h3>VR-Suite Kauf<\/h3>\n<ul>\n<li>Netto \u20ac 2.995,- Kaufpreis<\/li>\n<li>Updates f\u00fcr 12 Monate<\/li>\n<li>Updateverl\u00e4ngerung \u20ac 995,- je weitere 12 Monate<\/li>\n<\/ul>\n<h3>Projektportal Kauf<\/h3>\n<ul>\n<li>Netto \u20ac 995,- Kaufpreis<\/li>\n<\/ul>\n<p>[\/et_pb_text][\/et_pb_column][\/et_pb_row][et_pb_row admin_label=&#8220;row&#8220; module_id=&#8220;Producer&#8220; _builder_version=&#8220;3.26.3&#8243; background_color=&#8220;#005a8c&#8220; custom_margin=&#8220;20px||0px|&#8220; custom_padding=&#8220;25px||20px|30px&#8220;][et_pb_column type=&#8220;4_4&#8243; _builder_version=&#8220;3.25&#8243; custom_padding=&#8220;||0px|&#8220; custom_padding__hover=&#8220;|||&#8220;][et_pb_text _builder_version=&#8220;3.27.4&#8243; custom_margin=&#8220;|||&#8220; custom_padding=&#8220;|||&#8220;]<\/p>\n<h1 style=\"text-align: left;\"><span style=\"color: #ffffff;\">Lizenzen f\u00fcr Agenturen und Produzenten<br \/>\n<\/span><\/h1>\n<p>[\/et_pb_text][\/et_pb_column][\/et_pb_row][et_pb_row column_structure=&#8220;2_3,1_3&#8243; _builder_version=&#8220;3.25&#8243; custom_margin=&#8220;|||&#8220; custom_padding=&#8220;|||&#8220;][et_pb_column type=&#8220;2_3&#8243; _builder_version=&#8220;3.25&#8243; custom_padding=&#8220;|||&#8220; custom_padding__hover=&#8220;|||&#8220;][et_pb_text _builder_version=&#8220;3.27.4&#8243;]<\/p>\n<h3>Agentur-\/Produzentenlizenz f\u00fcr Kundenprojekte<\/h3>\n<ul>\n<li>Es gelten die oben genannten Lizenzbedingungen.<\/li>\n<li>Preise f\u00fcr Agenturen\/Produzentenlizenzen erhalten Sie auf Anfrage.<\/li>\n<\/ul>\n<p>[\/et_pb_text][et_pb_button button_url=&#8220;https:\/\/present4d.com\/de\/contact\/&#8220; button_text=&#8220;Kontaktieren Sie uns&#8220; _builder_version=&#8220;3.26.3&#8243;][\/et_pb_button][et_pb_text _builder_version=&#8220;3.27.4&#8243;]<span style=\"color: #999999;\">Preisliste Stand 19.08.2019. \u00c4nderungen und Irrt\u00fcmer vorbehalten. Bitte beachten Sie die Systemvoraussetzungen auf vr-suite.com. <\/span><\/p>\n<p>&nbsp;<\/p>\n<h6><span style=\"color: #999999;\">Alle Preise zzgl. MwSt. Die Angebote richten sich ausschlie\u00dflich an gewerbliche Nutzer. <\/span><\/h6>\n<h6><span style=\"color: #999999;\"><span style=\"caret-color: #999999;\">* Mietpreis Brutto = \u20ac 220,15<br \/>\n* Kaufpreis Brutto = \u20ac 3.564,05<\/span><\/span><\/h6>\n<h6><\/h6>\n<p>[\/et_pb_text][\/et_pb_column][et_pb_column type=&#8220;1_3&#8243; _builder_version=&#8220;3.25&#8243; custom_padding=&#8220;|||&#8220; custom_padding__hover=&#8220;|||&#8220;][et_pb_text _builder_version=&#8220;3.27.4&#8243;]<\/p>\n<h3><\/h3>\n<p>[\/et_pb_text][\/et_pb_column][\/et_pb_row][et_pb_row disabled_on=&#8220;on|on|on&#8220; admin_label=&#8220;row&#8220; _builder_version=&#8220;3.25&#8243; background_color=&#8220;#005a8c&#8220; custom_margin=&#8220;20px||0px|&#8220; custom_padding=&#8220;25px||20px|30px&#8220; disabled=&#8220;on&#8220;][et_pb_column type=&#8220;4_4&#8243; _builder_version=&#8220;3.25&#8243; custom_padding=&#8220;||0px|&#8220; custom_padding__hover=&#8220;|||&#8220;][et_pb_text _builder_version=&#8220;3.27.4&#8243; custom_margin=&#8220;|||&#8220; custom_padding=&#8220;|||&#8220;]<\/p>\n<h1 style=\"text-align: left;\"><span style=\"color: #ffffff;\">Lizenzen f\u00fcr FARO\u00ae Kunden ################ DO NOT PUBLISH YET ####################<br \/>\n<\/span><\/h1>\n<p>[\/et_pb_text][\/et_pb_column][\/et_pb_row][et_pb_row column_structure=&#8220;2_3,1_3&#8243; disabled_on=&#8220;on|on|on&#8220; _builder_version=&#8220;3.25&#8243; background_color=&#8220;#e02b20&#8243; custom_margin=&#8220;|||&#8220; custom_padding=&#8220;|||&#8220; disabled=&#8220;on&#8220;][et_pb_column type=&#8220;2_3&#8243; _builder_version=&#8220;3.25&#8243; custom_padding=&#8220;|||&#8220; custom_padding__hover=&#8220;|||&#8220;][et_pb_text _builder_version=&#8220;3.27.4&#8243;]<\/p>\n<h2>Abweichungen zu den oben genannten Lizenzbedingungen:<\/h2>\n<h3>Lizenz<\/h3>\n<ul>\n<li>Die Lizenz gilt f\u00fcr gewerbliche FARO\u00ae Kunden.<\/li>\n<\/ul>\n<p><strong>Trial Lizenz<\/strong><\/p>\n<ul>\n<li>Diese Lizenz ist nur f\u00fcr Evaluationszwecke bestimmt. Eine Kommerzielle Nutzung ist nicht gestattet.<\/li>\n<li>Die Trial Lizenz beinhaltet 1 Projektportal.<\/li>\n<li>Im Projektportal wird nur ein Projekt angezeigt &#8222;Demo Project&#8220;. Dieses Projekt wird beim erneuten Upload immer wieder \u00fcberschrieben.<\/li>\n<li>Festes present4D Logo und Splash-Screen.<\/li>\n<\/ul>\n<p><strong>Viewer Lizenz<\/strong><\/p>\n<ul>\n<li>Die Viewer Lizenz beinhaltet 150 Projektportale.<\/li>\n<li>Festes present4D Logo und Splash-Screen.<\/li>\n<li>Es k\u00f6nnen nur Projekte angezeigt werden die mit einem anderen FARO\u00ae Produkt erzeugt wurden.<\/li>\n<li>Im Editor Modus k\u00f6nnen nur bestehende Icons verschoben werden. Alle anderen Editor Funtkionen sind gesperrt.<\/li>\n<\/ul>\n<p><strong>Full Lizenz<\/strong><\/p>\n<ul>\n<li>Die Full Lizenz beinhaltet 300 Projektportale.<\/li>\n<li>Logo und Splash-Screen k\u00f6nnen ausgetauscht werden, sind aber f\u00fcr alle Projekt-Portale und somit auch f\u00fcr alle Projekte gleich.<\/li>\n<li>Weitere Projektportale k\u00f6nnen bei present4D erworben werden um bestimmte Projekte mit einem abweichenden Logo und Splashscreen versehen zu k\u00f6nnen.<\/li>\n<\/ul>\n<h3>Cloudspeicher<\/h3>\n<ul>\n<li>Es werden kostenfrei 20 GB Cloud-Server Speicher f\u00fcr 24 Monate ab Vertragsbeginn oder Vertragserneuerung zur Verf\u00fcgung gestellt.<\/li>\n<li>Der Cloud-Server Speicher kann mehrfach um weitere 10 GB erweitert werden indem Sie Projketportale hinzukaufen.<\/li>\n<\/ul>\n<p>[\/et_pb_text][\/et_pb_column][et_pb_column type=&#8220;1_3&#8243; _builder_version=&#8220;3.25&#8243; custom_padding=&#8220;|||&#8220; custom_padding__hover=&#8220;|||&#8220;][et_pb_text _builder_version=&#8220;3.27.4&#8243;]<\/p>\n<h3><\/h3>\n<p>[\/et_pb_text][et_pb_text _builder_version=&#8220;3.27.4&#8243;]<\/p>\n<h3>present4D Viewer Kauf<\/h3>\n<ul>\n<li>Netto $ 1,000 Kaufpreis<\/li>\n<li>Updates f\u00fcr 12 Monate inklusive<\/li>\n<li>Updates f\u00fcr weitere 12 Monate = $ 300<\/li>\n<li>Updates f\u00fcr weitere 36 Monate = $ 800<\/li>\n<\/ul>\n<h3>present4D Full Kauf<\/h3>\n<ul>\n<li>Netto $ 3,400 Kaufpreis<\/li>\n<li>Updates f\u00fcr 12 Monate inklusive<\/li>\n<li>Updates f\u00fcr weitere 12 Monate = $ 850<\/li>\n<li>Updates f\u00fcr weitere 36 Monate = $ 1995<\/li>\n<\/ul>\n<p>[\/et_pb_text][\/et_pb_column][\/et_pb_row][et_pb_row admin_label=&#8220;row&#8220; _builder_version=&#8220;3.25&#8243; custom_margin=&#8220;||0px|&#8220; custom_padding=&#8220;25px||20px|30px&#8220;][et_pb_column type=&#8220;4_4&#8243; _builder_version=&#8220;3.25&#8243; custom_padding=&#8220;||0px|&#8220; custom_padding__hover=&#8220;|||&#8220;][et_pb_button button_url=&#8220;https:\/\/present4d.com\/de\/license-terms\/&#8220; button_text=&#8220;Ausf\u00fchrliche Lizenzbedingungen&#8230;&#8220; button_alignment=&#8220;center&#8220; _builder_version=&#8220;3.27.4&#8243; custom_button=&#8220;on&#8220; button_font=&#8220;||||||||&#8220; button_icon=&#8220;%%36%%&#8220;][\/et_pb_button][\/et_pb_column][\/et_pb_row][\/et_pb_section]<\/p>\n","protected":false},"excerpt":{"rendered":"<p>Add-Ons:\n<table id=\"tablepress-2-no-2\" class=\"tablepress tablepress-id-2 tablepress-responsive\">\n<thead>\n<tr class=\"row-1 odd\">\n\t<th class=\"column-1\"><\/th><th class=\"column-2\">Rent Version<\/th><th class=\"column-3\">Purchase Version<\/th>\n<\/tr>\n<\/thead>\n<tbody>\n<tr class=\"row-2 even\">\n\t<td class=\"column-1\">Additional Project-Portal*<\/td><td class=\"column-2\">995\u20ac Once<\/td><td class=\"column-3\">995\u20ac Once<\/td>\n<\/tr>\n<tr class=\"row-3 odd\">\n\t<td class=\"column-1\">Web-Export Module**<\/td><td class=\"column-2\">395\u20ac Once \/ 50\u20ac Monthly extra<\/td><td class=\"column-3\">995\u20ac Once<\/td>\n<\/tr>\n<tr class=\"row-4 even\">\n\t<td class=\"column-1\">Additional Editor Workspaces<\/td><td class=\"column-2\">Contact Us<\/td><td class=\"column-3\">Contact Us<\/td>\n<\/tr>\n<\/tbody>\n<\/table>\n* Ein Projektportal ist eine Untereinheit der Hauptlizenz und dient der Trennung von Projekten (z.B. f\u00fcr verschiedene Zielgruppen) und ist somit an eine bestehende Lizenz gebunden &#8211;&gt; Verwaltung [&hellip;]<\/p>\n","protected":false},"author":15,"featured_media":0,"parent":0,"menu_order":0,"comment_status":"closed","ping_status":"closed","template":"","meta":{"_et_pb_use_builder":"on","_et_pb_old_content":"","_et_gb_content_width":""},"acf":[],"_links":{"self":[{"href":"https:\/\/present4d.com\/de\/wp-json\/wp\/v2\/pages\/10916"}],"collection":[{"href":"https:\/\/present4d.com\/de\/wp-json\/wp\/v2\/pages"}],"about":[{"href":"https:\/\/present4d.com\/de\/wp-json\/wp\/v2\/types\/page"}],"author":[{"embeddable":true,"href":"https:\/\/present4d.com\/de\/wp-json\/wp\/v2\/users\/15"}],"replies":[{"embeddable":true,"href":"https:\/\/present4d.com\/de\/wp-json\/wp\/v2\/comments?post=10916"}],"version-history":[{"count":0,"href":"https:\/\/present4d.com\/de\/wp-json\/wp\/v2\/pages\/10916\/revisions"}],"wp:attachment":[{"href":"https:\/\/present4d.com\/de\/wp-json\/wp\/v2\/media?parent=10916"}],"curies":[{"name":"wp","href":"https:\/\/api.w.org\/{rel}","templated":true}]}}