{"id":10404,"date":"2019-08-20T15:54:35","date_gmt":"2019-08-20T13:54:35","guid":{"rendered":"https:\/\/present4d.com\/?page_id=10404"},"modified":"2025-04-18T12:48:34","modified_gmt":"2025-04-18T10:48:34","slug":"free","status":"publish","type":"page","link":"https:\/\/present4d.com\/de\/free\/","title":{"rendered":"Free Version"},"content":{"rendered":"<p>[et_pb_section fb_built=&#8220;1&#8243; admin_label=&#8220;section&#8220; _builder_version=&#8220;4.16&#8243; global_colors_info=&#8220;{}&#8220;][et_pb_row _builder_version=&#8220;4.16&#8243; global_colors_info=&#8220;{}&#8220;][et_pb_column type=&#8220;4_4&#8243; _builder_version=&#8220;4.16&#8243; custom_padding=&#8220;|||&#8220; global_colors_info=&#8220;{}&#8220; custom_padding__hover=&#8220;|||&#8220;][et_pb_text _builder_version=&#8220;4.16&#8243; global_colors_info=&#8220;{}&#8220;]<\/p>\n<h1>Kostenlose Test-Lizenz<\/h1>\n<h3>Mit der kostenlosen Testlizenz k\u00f6nnen Sie die volle Funktionalit\u00e4t der VR-Suite testen.<\/h3>\n<p>Beschr\u00e4nkung Test-Lizenz: Sie hat an jedem Standort ein &#8222;Demo-Branding&#8220; und darf nicht kommerziell genutzt werden.<\/p>\n<ol>\n<li><strong>F\u00fcllen Sie das Formular aus<\/strong><\/li>\n<li><strong>Best\u00e4tigen Sie die Newsletter-Abonnement-Mail.<\/strong> Der Newsletter kann in jedem Newsletter einfach abgemeldet werden.<\/li>\n<li><strong>Sie erhalten eine E-Mail mit der Seriennummer der kostenlosen Testversion<\/strong> und einem Download-Link.<\/li>\n<\/ol>\n<p><strong>\u00a0<\/strong>[\/et_pb_text][\/et_pb_column][\/et_pb_row][et_pb_row column_structure=&#8220;2_5,3_5&#8243; make_equal=&#8220;on&#8220; admin_label=&#8220;row&#8220; module_class=&#8220; et_pb_row_fullwidth&#8220; _builder_version=&#8220;4.16&#8243; background_size=&#8220;initial&#8220; background_position=&#8220;top_center&#8220; width_tablet=&#8220;80%&#8220; width_phone=&#8220;&#8220; width_last_edited=&#8220;on|desktop&#8220; max_width_tablet=&#8220;80%&#8220; max_width_phone=&#8220;&#8220; max_width_last_edited=&#8220;on|desktop&#8220; make_fullwidth=&#8220;on&#8220; global_colors_info=&#8220;{}&#8220;][et_pb_column type=&#8220;2_5&#8243; module_class=&#8220;ds-vertical-align&#8220; _builder_version=&#8220;4.16&#8243; background_image=&#8220;https:\/\/present4d.com\/wp-content\/uploads\/2018\/02\/VR-Suite_Verpackung_Mockup-mitte.png&#8220; background_size=&#8220;contain&#8220; background_position=&#8220;top_center&#8220; custom_padding=&#8220;|||&#8220; global_colors_info=&#8220;{}&#8220; custom_padding__hover=&#8220;|||&#8220;][\/et_pb_column][et_pb_column type=&#8220;3_5&#8243; module_class=&#8220;ds-vertical-align&#8220; _builder_version=&#8220;4.16&#8243; custom_padding=&#8220;|||&#8220; global_colors_info=&#8220;{}&#8220; custom_padding__hover=&#8220;|||&#8220;][et_pb_text _builder_version=&#8220;4.18.0&#8243; hover_enabled=&#8220;0&#8243; global_colors_info=&#8220;{}&#8220; disabled_on=&#8220;on|on|on&#8220; disabled=&#8220;on&#8220; sticky_enabled=&#8220;0&#8243;]<script src='https:\/\/crm.zoho.eu\/crm\/WebFormServeServlet?rid=1a111ae340afb33c90c53e5b76e676e796c3b9c7b70c5ae3f13a9accdb305097gid6a0445a9ff00e12d39b7c1ecac528f6b53dce22fef5018a164ad50d270e3cf4d&#038;script=$sYG'><\/script>[\/et_pb_text][et_pb_text _builder_version=&#8220;4.18.0&#8243; _module_preset=&#8220;default&#8220; hover_enabled=&#8220;0&#8243; sticky_enabled=&#8220;0&#8243;]<iframe width = '610px' height = '1460px' src = 'https:\/\/crm.zoho.eu\/crm\/WebFormServeServlet?rid=907a367201d7221c41b1b253ac6e82c2e111ece9d9bc751f234910587575ed2c75fb8173333654ac734d0a6632532c2agid6bbcde57fadb47438095aff2f56594dcb1e31246a0a649041aae4430b98e9c5a'><br \/>\n<\/iframe>[\/et_pb_text][\/et_pb_column][\/et_pb_row][\/et_pb_section][et_pb_section fb_built=&#8220;1&#8243; admin_label=&#8220;section&#8220; _builder_version=&#8220;4.16&#8243; background_color=&#8220;#005a8c&#8220; custom_padding=&#8220;0px|0px|0px|0px&#8220; global_colors_info=&#8220;{}&#8220;][et_pb_row admin_label=&#8220;row&#8220; module_class=&#8220; et_pb_row_fullwidth&#8220; _builder_version=&#8220;4.16&#8243; background_size=&#8220;initial&#8220; background_position=&#8220;top_left&#8220; background_repeat=&#8220;repeat&#8220; width=&#8220;89%&#8220; width_tablet=&#8220;80%&#8220; width_phone=&#8220;&#8220; width_last_edited=&#8220;on|desktop&#8220; max_width=&#8220;89%&#8220; max_width_tablet=&#8220;80%&#8220; max_width_phone=&#8220;&#8220; max_width_last_edited=&#8220;on|desktop&#8220; custom_margin=&#8220;|||&#8220; custom_padding=&#8220;0px||30px|&#8220; make_fullwidth=&#8220;on&#8220; global_colors_info=&#8220;{}&#8220;][et_pb_column type=&#8220;4_4&#8243; _builder_version=&#8220;4.16&#8243; custom_padding=&#8220;|||&#8220; global_colors_info=&#8220;{}&#8220; custom_padding__hover=&#8220;|||&#8220;][et_pb_cta button_url=&#8220;https:\/\/present4d.com\/de\/support\/&#8220; button_text=&#8220;Tutorials &#038; Handbuch ansehen&#8220; admin_label=&#8220;Call to Action 2&#8243; _builder_version=&#8220;4.16&#8243; use_background_color=&#8220;off&#8220; background_size=&#8220;initial&#8220; background_position=&#8220;top_left&#8220; background_repeat=&#8220;repeat&#8220; global_colors_info=&#8220;{}&#8220; button_text_size__hover_enabled=&#8220;off&#8220; button_one_text_size__hover_enabled=&#8220;off&#8220; button_two_text_size__hover_enabled=&#8220;off&#8220; button_text_color__hover_enabled=&#8220;off&#8220; button_one_text_color__hover_enabled=&#8220;off&#8220; button_two_text_color__hover_enabled=&#8220;off&#8220; button_border_width__hover_enabled=&#8220;off&#8220; button_one_border_width__hover_enabled=&#8220;off&#8220; button_two_border_width__hover_enabled=&#8220;off&#8220; button_border_color__hover_enabled=&#8220;off&#8220; button_one_border_color__hover_enabled=&#8220;off&#8220; button_two_border_color__hover_enabled=&#8220;off&#8220; button_border_radius__hover_enabled=&#8220;off&#8220; button_one_border_radius__hover_enabled=&#8220;off&#8220; button_two_border_radius__hover_enabled=&#8220;off&#8220; button_letter_spacing__hover_enabled=&#8220;off&#8220; button_one_letter_spacing__hover_enabled=&#8220;off&#8220; button_two_letter_spacing__hover_enabled=&#8220;off&#8220; button_bg_color__hover_enabled=&#8220;off&#8220; button_one_bg_color__hover_enabled=&#8220;off&#8220; button_two_bg_color__hover_enabled=&#8220;off&#8220;]\u00a0<br \/>\n[\/et_pb_cta][\/et_pb_column][\/et_pb_row][\/et_pb_section]<\/p>\n","protected":false},"excerpt":{"rendered":"<p>Kostenlose Test-Lizenz Mit der kostenlosen Testlizenz k\u00f6nnen Sie die volle Funktionalit\u00e4t der VR-Suite testen. Beschr\u00e4nkung Test-Lizenz: Sie hat an jedem Standort ein &#8222;Demo-Branding&#8220; und darf nicht kommerziell genutzt werden. F\u00fcllen [&hellip;]<\/p>\n","protected":false},"author":15,"featured_media":0,"parent":0,"menu_order":0,"comment_status":"closed","ping_status":"closed","template":"","meta":{"_et_pb_use_builder":"on","_et_pb_old_content":"","_et_gb_content_width":""},"acf":[],"_links":{"self":[{"href":"https:\/\/present4d.com\/de\/wp-json\/wp\/v2\/pages\/10404"}],"collection":[{"href":"https:\/\/present4d.com\/de\/wp-json\/wp\/v2\/pages"}],"about":[{"href":"https:\/\/present4d.com\/de\/wp-json\/wp\/v2\/types\/page"}],"author":[{"embeddable":true,"href":"https:\/\/present4d.com\/de\/wp-json\/wp\/v2\/users\/15"}],"replies":[{"embeddable":true,"href":"https:\/\/present4d.com\/de\/wp-json\/wp\/v2\/comments?post=10404"}],"version-history":[{"count":16,"href":"https:\/\/present4d.com\/de\/wp-json\/wp\/v2\/pages\/10404\/revisions"}],"predecessor-version":[{"id":19653,"href":"https:\/\/present4d.com\/de\/wp-json\/wp\/v2\/pages\/10404\/revisions\/19653"}],"wp:attachment":[{"href":"https:\/\/present4d.com\/de\/wp-json\/wp\/v2\/media?parent=10404"}],"curies":[{"name":"wp","href":"https:\/\/api.w.org\/{rel}","templated":true}]}}